{"id":4580,"date":"2021-06-02T21:01:11","date_gmt":"2021-06-02T21:01:11","guid":{"rendered":"http:\/\/localhost\/import\/product\/pferdesport-pokale-resin-hufeisen-ab-16cm\/"},"modified":"2025-10-25T21:52:01","modified_gmt":"2025-10-25T21:52:01","slug":"pferdesport-pokale-resin-hufeisen-ab-16cm","status":"publish","type":"product","link":"https:\/\/pokale.shop\/ps\/product\/pferdesport-pokale-resin-hufeisen-ab-16cm\/","title":{"rendered":"Pferdesport Pokale Resin Hufeisen ab 16cm"},"content":{"rendered":"<p><span style=\"vertical-align: inherit;\"><span style=\"vertical-align: inherit;\"><span style=\"vertical-align: inherit;\"><span style=\"vertical-align: inherit;\">Eine TOP Reitsportpokalserie im sch\u00f6nen Hufeisenformat &#8211; bestens geeignet f\u00fcr alle reiterlichen Ehrungen. <\/span><\/span><\/span><\/span><\/p>\n<p><span style=\"vertical-align: inherit;\"><span style=\"vertical-align: inherit;\"><span style=\"vertical-align: inherit;\"><span style=\"vertical-align: inherit;\">W\u00e4hlen Sie aus drei verschiedenen Gr\u00f6\u00dfen. <\/span><\/span><\/span><span style=\"vertical-align: inherit;\"><span style=\"vertical-align: inherit;\"><span style=\"vertical-align: inherit;\">Pokale f\u00fcr Ihren Reitsport-Event.<\/span><\/span><\/span><\/span><\/p>\n<p><span style=\"vertical-align: inherit;\"><span style=\"vertical-align: inherit;\"><span style=\"vertical-align: inherit;\"><span style=\"vertical-align: inherit;\">Ob elegant, klassisch oder trendig \u2013 bei uns finden Sie f\u00fcr jedes Turnier, Event oder Event die passenden Pokale und Medaillen. <\/span><\/span><\/span><\/span><\/p>\n<p><span style=\"vertical-align: inherit;\"><span style=\"vertical-align: inherit;\"><span style=\"vertical-align: inherit;\"><span style=\"vertical-align: inherit;\">W\u00e4hlen Sie aus drei verschiedenen K\u00f6rbchengr\u00f6\u00dfen und kreieren Sie Ihre eigene Reitsport-K\u00f6rbchenserie. <\/span><\/span><\/span><\/span><\/p>\n<p><span style=\"vertical-align: inherit;\"><span style=\"vertical-align: inherit;\"><span style=\"vertical-align: inherit;\"><span style=\"vertical-align: inherit;\">H\u00f6he: 16 cm \/ 18 cm \/ 20 cm <\/span><\/span><\/span><\/span><\/p>\n<p><span style=\"vertical-align: inherit;\"><span style=\"vertical-align: inherit;\"><span style=\"vertical-align: inherit;\"><span style=\"vertical-align: inherit;\">Du hast 3 bis max. <\/span><span style=\"vertical-align: inherit;\">4 Zeilen stehen f\u00fcr Ihren individuellen Text zur Verf\u00fcgung &#8211; bitte verwenden Sie max. <\/span><span style=\"vertical-align: inherit;\">25-30 Zeichen inklusive Leerzeichen pro Zeile. <\/span><\/span><\/span><span style=\"vertical-align: inherit;\"><span style=\"vertical-align: inherit;\"><span style=\"vertical-align: inherit;\">Diese Angaben dienen der Orientierung, um eine sch\u00f6ne Aufteilung zu gew\u00e4hrleisten.<\/span><\/span><\/span><\/span><\/p>\n","protected":false},"excerpt":{"rendered":"<p>Eine TOP Reitsportpokalserie im sch\u00f6nen Hufeisenformat &#8211; bestens geeignet f\u00fcr alle reiterlichen Ehrungen. W\u00e4hlen Sie aus drei verschiedenen Gr\u00f6\u00dfen. Pokale f\u00fcr Ihren Reitsport-Event. Ob elegant, klassisch oder trendig \u2013 bei uns finden Sie f\u00fcr jedes Turnier, Event oder Event die passenden Pokale und Medaillen. W\u00e4hlen Sie aus drei verschiedenen K\u00f6rbchengr\u00f6\u00dfen&hellip;<\/p>\n","protected":false},"featured_media":4581,"comment_status":"open","ping_status":"closed","template":"","meta":{"spay_email":""},"product_cat":[16,32,44],"product_tag":[],"class_list":["post-4580","product","type-product","status-publish","has-post-thumbnail","hentry","product_cat-pokale","product_cat-themen-pokale","product_cat-reitsport-pokale"],"_links":{"self":[{"href":"https:\/\/pokale.shop\/ps\/wp-json\/wp\/v2\/product\/4580","targetHints":{"allow":["GET"]}}],"collection":[{"href":"https:\/\/pokale.shop\/ps\/wp-json\/wp\/v2\/product"}],"about":[{"href":"https:\/\/pokale.shop\/ps\/wp-json\/wp\/v2\/types\/product"}],"replies":[{"embeddable":true,"href":"https:\/\/pokale.shop\/ps\/wp-json\/wp\/v2\/comments?post=4580"}],"wp:featuredmedia":[{"embeddable":true,"href":"https:\/\/pokale.shop\/ps\/wp-json\/wp\/v2\/media\/4581"}],"wp:attachment":[{"href":"https:\/\/pokale.shop\/ps\/wp-json\/wp\/v2\/media?parent=4580"}],"wp:term":[{"taxonomy":"product_cat","embeddable":true,"href":"https:\/\/pokale.shop\/ps\/wp-json\/wp\/v2\/product_cat?post=4580"},{"taxonomy":"product_tag","embeddable":true,"href":"https:\/\/pokale.shop\/ps\/wp-json\/wp\/v2\/product_tag?post=4580"}],"curies":[{"name":"wp","href":"https:\/\/api.w.org\/{rel}","templated":true}]}}