{"id":4600,"date":"2021-06-02T21:01:43","date_gmt":"2021-06-02T21:01:43","guid":{"rendered":"http:\/\/localhost\/import\/product\/pokale-squash-figur-14cm\/"},"modified":"2022-02-03T13:45:46","modified_gmt":"2022-02-03T13:45:46","slug":"pokale-squash-figur-14cm","status":"publish","type":"product","link":"https:\/\/pokale.shop\/ps\/product\/pokale-squash-figur-14cm\/","title":{"rendered":"Pokale Squash Figur 14cm"},"content":{"rendered":"<p><span style=\"vertical-align: inherit;\"><span style=\"vertical-align: inherit;\"><span style=\"vertical-align: inherit;\"><span style=\"vertical-align: inherit;\">Squash Pokale im extravagantem Design und ausdrucksstarkem Profil.<\/span><\/span><\/span><\/span><\/p>\n<p><span style=\"vertical-align: inherit;\"><span style=\"vertical-align: inherit;\"><span style=\"vertical-align: inherit;\"><span style=\"vertical-align: inherit;\">H\u00f6he: 14cm<\/span><\/span><\/span><\/span><\/p>\n<p><span style=\"vertical-align: inherit;\"><span style=\"vertical-align: inherit;\"><span style=\"vertical-align: inherit;\"><span style=\"vertical-align: inherit;\">Der Pokalsockel ist aus feinem schwarzem Marmor.<\/span><\/span><\/span><\/span><\/p>\n<p><span style=\"vertical-align: inherit;\"><span style=\"vertical-align: inherit;\"><span style=\"vertical-align: inherit;\"><span style=\"vertical-align: inherit;\">Die Gravur ist nat\u00fcrlich bereits im Preis enthalten. <\/span><\/span><\/span><\/span><br \/>\n<span style=\"vertical-align: inherit;\"><span style=\"vertical-align: inherit;\"><span style=\"vertical-align: inherit;\"><span style=\"vertical-align: inherit;\">Geben Sie einfach Ihren gew\u00fcnschten Gravurtext in das Textfeld ein.<\/span><\/span><\/span><\/span><\/p>\n<p><b><span style=\"vertical-align: inherit;\"><span style=\"vertical-align: inherit;\"><span style=\"vertical-align: inherit;\"><span style=\"vertical-align: inherit;\">Bitte beachten Sie &#8211; f\u00fcr das Gravurschild stehen 3 Zeilen zur Verf\u00fcgung &#8211; maximal 23 Zeichen pro Zeile inkl. Leerzeichen.<\/span><\/span><\/span><\/span><\/b><\/p>\n","protected":false},"excerpt":{"rendered":"<p>Squash Pokale im extravagantem Design und ausdrucksstarkem Profil. H\u00f6he: 14cm Der Pokalsockel ist aus feinem schwarzem Marmor. Die Gravur ist nat\u00fcrlich bereits im Preis enthalten. Geben Sie einfach Ihren gew\u00fcnschten Gravurtext in das Textfeld ein. Bitte beachten Sie &#8211; f\u00fcr das Gravurschild stehen 3 Zeilen zur Verf\u00fcgung &#8211; maximal 23&hellip;<\/p>\n","protected":false},"featured_media":4601,"comment_status":"open","ping_status":"closed","template":"","meta":{"spay_email":""},"product_cat":[16,32,48],"product_tag":[],"class_list":["post-4600","product","type-product","status-publish","has-post-thumbnail","hentry","product_cat-pokale","product_cat-themen-pokale","product_cat-sonstige-pokale"],"_links":{"self":[{"href":"https:\/\/pokale.shop\/ps\/wp-json\/wp\/v2\/product\/4600","targetHints":{"allow":["GET"]}}],"collection":[{"href":"https:\/\/pokale.shop\/ps\/wp-json\/wp\/v2\/product"}],"about":[{"href":"https:\/\/pokale.shop\/ps\/wp-json\/wp\/v2\/types\/product"}],"replies":[{"embeddable":true,"href":"https:\/\/pokale.shop\/ps\/wp-json\/wp\/v2\/comments?post=4600"}],"wp:featuredmedia":[{"embeddable":true,"href":"https:\/\/pokale.shop\/ps\/wp-json\/wp\/v2\/media\/4601"}],"wp:attachment":[{"href":"https:\/\/pokale.shop\/ps\/wp-json\/wp\/v2\/media?parent=4600"}],"wp:term":[{"taxonomy":"product_cat","embeddable":true,"href":"https:\/\/pokale.shop\/ps\/wp-json\/wp\/v2\/product_cat?post=4600"},{"taxonomy":"product_tag","embeddable":true,"href":"https:\/\/pokale.shop\/ps\/wp-json\/wp\/v2\/product_tag?post=4600"}],"curies":[{"name":"wp","href":"https:\/\/api.w.org\/{rel}","templated":true}]}}