{"id":4608,"date":"2021-06-02T21:03:27","date_gmt":"2021-06-02T21:03:27","guid":{"rendered":"http:\/\/localhost\/import\/product\/pokale-petanque-boule-resin-ab-16cm\/"},"modified":"2022-02-03T13:24:02","modified_gmt":"2022-02-03T13:24:02","slug":"pokale-petanque-boule-resin-ab-16cm","status":"publish","type":"product","link":"https:\/\/pokale.shop\/ps\/product\/pokale-petanque-boule-resin-ab-16cm\/","title":{"rendered":"Pokale P\u00e9tanque Boule Resin ab 16cm"},"content":{"rendered":"<p><span style=\"vertical-align: inherit;\"><span style=\"vertical-align: inherit;\"><span style=\"vertical-align: inherit;\"><span style=\"vertical-align: inherit;\">Eine TOP P\u00e9tanque Boule Pokal Serie im Top Design &#8211; bestens geeignet f\u00fcr alle Auszeichnungen im P\u00e9tanque Boule Sport.<\/span><\/span><\/span><\/span><\/p>\n<p><span style=\"vertical-align: inherit;\"><span style=\"vertical-align: inherit;\"><span style=\"vertical-align: inherit;\"><span style=\"vertical-align: inherit;\">W\u00e4hlen Sie aus drei verschiedenen Pokalgr\u00f6\u00dfen und kreieren Sie Ihre eigene P\u00e9tanque &#8211; Boule &#8211; Pokal &#8211; Serie.<\/span><\/span><\/span><\/span><\/p>\n<p><span style=\"vertical-align: inherit;\"><span style=\"vertical-align: inherit;\"><span style=\"vertical-align: inherit;\"><span style=\"vertical-align: inherit;\">H\u00f6he: 16 cm \/ 18 cm \/ 20 cm<\/span><\/span><\/span><\/span><\/p>\n<p><span style=\"vertical-align: inherit;\"><span style=\"vertical-align: inherit;\"><span style=\"vertical-align: inherit;\"><span style=\"vertical-align: inherit;\">Du hast 3 bis max. <\/span><span style=\"vertical-align: inherit;\">4 Zeilen stehen f\u00fcr Ihren individuellen Text zur Verf\u00fcgung &#8211; bitte verwenden Sie max. <\/span><span style=\"vertical-align: inherit;\">25-30 Zeichen inklusive Leerzeichen pro Zeile. <\/span><\/span><\/span><span style=\"vertical-align: inherit;\"><span style=\"vertical-align: inherit;\"><span style=\"vertical-align: inherit;\">Diese Angaben dienen der Orientierung, um eine sch\u00f6ne Aufteilung zu gew\u00e4hrleisten.<\/span><\/span><\/span><\/span><\/p>\n","protected":false},"excerpt":{"rendered":"<p>Eine TOP P\u00e9tanque Boule Pokal Serie im Top Design &#8211; bestens geeignet f\u00fcr alle Auszeichnungen im P\u00e9tanque Boule Sport. W\u00e4hlen Sie aus drei verschiedenen Pokalgr\u00f6\u00dfen und kreieren Sie Ihre eigene P\u00e9tanque &#8211; Boule &#8211; Pokal &#8211; Serie. H\u00f6he: 16 cm \/ 18 cm \/ 20 cm Du hast 3 bis&hellip;<\/p>\n","protected":false},"featured_media":4609,"comment_status":"open","ping_status":"closed","template":"","meta":{"spay_email":""},"product_cat":[16,32,48],"product_tag":[],"class_list":["post-4608","product","type-product","status-publish","has-post-thumbnail","hentry","product_cat-pokale","product_cat-themen-pokale","product_cat-sonstige-pokale"],"_links":{"self":[{"href":"https:\/\/pokale.shop\/ps\/wp-json\/wp\/v2\/product\/4608","targetHints":{"allow":["GET"]}}],"collection":[{"href":"https:\/\/pokale.shop\/ps\/wp-json\/wp\/v2\/product"}],"about":[{"href":"https:\/\/pokale.shop\/ps\/wp-json\/wp\/v2\/types\/product"}],"replies":[{"embeddable":true,"href":"https:\/\/pokale.shop\/ps\/wp-json\/wp\/v2\/comments?post=4608"}],"wp:featuredmedia":[{"embeddable":true,"href":"https:\/\/pokale.shop\/ps\/wp-json\/wp\/v2\/media\/4609"}],"wp:attachment":[{"href":"https:\/\/pokale.shop\/ps\/wp-json\/wp\/v2\/media?parent=4608"}],"wp:term":[{"taxonomy":"product_cat","embeddable":true,"href":"https:\/\/pokale.shop\/ps\/wp-json\/wp\/v2\/product_cat?post=4608"},{"taxonomy":"product_tag","embeddable":true,"href":"https:\/\/pokale.shop\/ps\/wp-json\/wp\/v2\/product_tag?post=4608"}],"curies":[{"name":"wp","href":"https:\/\/api.w.org\/{rel}","templated":true}]}}