{"id":4612,"date":"2021-06-02T21:03:33","date_gmt":"2021-06-02T21:03:33","guid":{"rendered":"http:\/\/localhost\/import\/product\/pokale-schwimmen-resin-ab-16cm\/"},"modified":"2022-02-03T13:35:44","modified_gmt":"2022-02-03T13:35:44","slug":"pokale-schwimmen-resin-ab-16cm","status":"publish","type":"product","link":"https:\/\/pokale.shop\/ps\/product\/pokale-schwimmen-resin-ab-16cm\/","title":{"rendered":"Pokale Schwimmen Resin ab 16cm"},"content":{"rendered":"<p><span style=\"vertical-align: inherit;\"><span style=\"vertical-align: inherit;\"><span style=\"vertical-align: inherit;\"><span style=\"vertical-align: inherit;\">Eine TOP &#8211; Schwimmen Pokalserie im sehr sch\u00f6nen Design &#8211; bestens geeignet f\u00fcr alle Schwimm &#8211; Auszeichnungen.<\/span><\/span><\/span><\/span><\/p>\n<p><span style=\"vertical-align: inherit;\"><span style=\"vertical-align: inherit;\"><span style=\"vertical-align: inherit;\"><span style=\"vertical-align: inherit;\">W\u00e4hlen Sie aus drei verschiedenen Pokal &#8211; Gr\u00f6\u00dfen und kreieren Sie Ihre eigene Schwimmpokal &#8211; Serie.<\/span><\/span><\/span><\/span><\/p>\n<p><span style=\"vertical-align: inherit;\"><span style=\"vertical-align: inherit;\"><span style=\"vertical-align: inherit;\"><span style=\"vertical-align: inherit;\">H\u00f6he: 16 cm \/ 18 cm \/ 20 cm<\/span><\/span><\/span><\/span><\/p>\n<p><span style=\"vertical-align: inherit;\"><span style=\"vertical-align: inherit;\"><span style=\"vertical-align: inherit;\"><span style=\"vertical-align: inherit;\">Du hast 3 bis max. <\/span><span style=\"vertical-align: inherit;\">4 Zeilen stehen f\u00fcr Ihren individuellen Text zur Verf\u00fcgung &#8211; bitte verwenden Sie max. <\/span><span style=\"vertical-align: inherit;\">25-30 Zeichen inklusive Leerzeichen pro Zeile. <\/span><\/span><\/span><span style=\"vertical-align: inherit;\"><span style=\"vertical-align: inherit;\"><span style=\"vertical-align: inherit;\">Diese Angaben dienen der Orientierung, um eine sch\u00f6ne Aufteilung zu gew\u00e4hrleisten.<\/span><\/span><\/span><\/span><\/p>\n","protected":false},"excerpt":{"rendered":"<p>Eine TOP &#8211; Schwimmen Pokalserie im sehr sch\u00f6nen Design &#8211; bestens geeignet f\u00fcr alle Schwimm &#8211; Auszeichnungen. W\u00e4hlen Sie aus drei verschiedenen Pokal &#8211; Gr\u00f6\u00dfen und kreieren Sie Ihre eigene Schwimmpokal &#8211; Serie. H\u00f6he: 16 cm \/ 18 cm \/ 20 cm Du hast 3 bis max. 4 Zeilen stehen&hellip;<\/p>\n","protected":false},"featured_media":4613,"comment_status":"open","ping_status":"closed","template":"","meta":{"spay_email":""},"product_cat":[16,32,48],"product_tag":[],"class_list":["post-4612","product","type-product","status-publish","has-post-thumbnail","hentry","product_cat-pokale","product_cat-themen-pokale","product_cat-sonstige-pokale"],"_links":{"self":[{"href":"https:\/\/pokale.shop\/ps\/wp-json\/wp\/v2\/product\/4612","targetHints":{"allow":["GET"]}}],"collection":[{"href":"https:\/\/pokale.shop\/ps\/wp-json\/wp\/v2\/product"}],"about":[{"href":"https:\/\/pokale.shop\/ps\/wp-json\/wp\/v2\/types\/product"}],"replies":[{"embeddable":true,"href":"https:\/\/pokale.shop\/ps\/wp-json\/wp\/v2\/comments?post=4612"}],"wp:featuredmedia":[{"embeddable":true,"href":"https:\/\/pokale.shop\/ps\/wp-json\/wp\/v2\/media\/4613"}],"wp:attachment":[{"href":"https:\/\/pokale.shop\/ps\/wp-json\/wp\/v2\/media?parent=4612"}],"wp:term":[{"taxonomy":"product_cat","embeddable":true,"href":"https:\/\/pokale.shop\/ps\/wp-json\/wp\/v2\/product_cat?post=4612"},{"taxonomy":"product_tag","embeddable":true,"href":"https:\/\/pokale.shop\/ps\/wp-json\/wp\/v2\/product_tag?post=4612"}],"curies":[{"name":"wp","href":"https:\/\/api.w.org\/{rel}","templated":true}]}}