{"id":4626,"date":"2021-06-02T21:03:53","date_gmt":"2021-06-02T21:03:53","guid":{"rendered":"http:\/\/localhost\/import\/product\/pokale-musik-resin-figur-12cm\/"},"modified":"2022-02-03T13:16:41","modified_gmt":"2022-02-03T13:16:41","slug":"pokale-musik-resin-figur-12cm","status":"publish","type":"product","link":"https:\/\/pokale.shop\/ps\/product\/pokale-musik-resin-figur-12cm\/","title":{"rendered":"Pokale Musik Notenschl\u00fcssel Resin Figur 12cm"},"content":{"rendered":"<p><span style=\"vertical-align: inherit;\"><span style=\"vertical-align: inherit;\"><span style=\"vertical-align: inherit;\"><span style=\"vertical-align: inherit;\">Pokal &#8211; Notenschl\u00fcssel in extravagantem Design und ausdrucksstarkem Profil. <\/span><\/span><\/span><\/span><\/p>\n<p><span style=\"vertical-align: inherit;\"><span style=\"vertical-align: inherit;\"><span style=\"vertical-align: inherit;\"><span style=\"vertical-align: inherit;\">H\u00f6he: 17cm <\/span><\/span><\/span><\/span><\/p>\n<p><span style=\"vertical-align: inherit;\"><span style=\"vertical-align: inherit;\"><span style=\"vertical-align: inherit;\"><span style=\"vertical-align: inherit;\">Die Gravur ist nat\u00fcrlich bereits im Preis enthalten. <\/span><\/span><\/span><\/span><br \/>\n<span style=\"vertical-align: inherit;\"><span style=\"vertical-align: inherit;\"><span style=\"vertical-align: inherit;\"><span style=\"vertical-align: inherit;\">Geben Sie einfach Ihren gew\u00fcnschten Gravurtext in das Textfeld ein.<\/span><\/span><\/span><\/span><\/p>\n<p><b><span style=\"vertical-align: inherit;\"><span style=\"vertical-align: inherit;\"><span style=\"vertical-align: inherit;\"><span style=\"vertical-align: inherit;\">Bitte beachten Sie &#8211; f\u00fcr das Gravurschild stehen 3 Zeilen zur Verf\u00fcgung &#8211; maximal 23 Zeichen pro Zeile inkl. Leerzeichen.<\/span><\/span><\/span><\/span><\/b><\/p>\n","protected":false},"excerpt":{"rendered":"<p>Pokal &#8211; Notenschl\u00fcssel in extravagantem Design und ausdrucksstarkem Profil. H\u00f6he: 17cm Die Gravur ist nat\u00fcrlich bereits im Preis enthalten. Geben Sie einfach Ihren gew\u00fcnschten Gravurtext in das Textfeld ein. Bitte beachten Sie &#8211; f\u00fcr das Gravurschild stehen 3 Zeilen zur Verf\u00fcgung &#8211; maximal 23 Zeichen pro Zeile inkl. Leerzeichen.<\/p>\n","protected":false},"featured_media":4627,"comment_status":"open","ping_status":"closed","template":"","meta":{"spay_email":""},"product_cat":[16,32,48],"product_tag":[],"class_list":["post-4626","product","type-product","status-publish","has-post-thumbnail","hentry","product_cat-pokale","product_cat-themen-pokale","product_cat-sonstige-pokale"],"_links":{"self":[{"href":"https:\/\/pokale.shop\/ps\/wp-json\/wp\/v2\/product\/4626","targetHints":{"allow":["GET"]}}],"collection":[{"href":"https:\/\/pokale.shop\/ps\/wp-json\/wp\/v2\/product"}],"about":[{"href":"https:\/\/pokale.shop\/ps\/wp-json\/wp\/v2\/types\/product"}],"replies":[{"embeddable":true,"href":"https:\/\/pokale.shop\/ps\/wp-json\/wp\/v2\/comments?post=4626"}],"wp:featuredmedia":[{"embeddable":true,"href":"https:\/\/pokale.shop\/ps\/wp-json\/wp\/v2\/media\/4627"}],"wp:attachment":[{"href":"https:\/\/pokale.shop\/ps\/wp-json\/wp\/v2\/media?parent=4626"}],"wp:term":[{"taxonomy":"product_cat","embeddable":true,"href":"https:\/\/pokale.shop\/ps\/wp-json\/wp\/v2\/product_cat?post=4626"},{"taxonomy":"product_tag","embeddable":true,"href":"https:\/\/pokale.shop\/ps\/wp-json\/wp\/v2\/product_tag?post=4626"}],"curies":[{"name":"wp","href":"https:\/\/api.w.org\/{rel}","templated":true}]}}