{"id":4632,"date":"2021-06-02T21:04:03","date_gmt":"2021-06-02T21:04:03","guid":{"rendered":"http:\/\/localhost\/import\/product\/pokale-volleyball-figuren-ab-17cm\/"},"modified":"2024-06-05T20:25:00","modified_gmt":"2024-06-05T20:25:00","slug":"pokale-volleyball-figuren-ab-17cm","status":"publish","type":"product","link":"https:\/\/pokale.shop\/ps\/product\/pokale-volleyball-figuren-ab-17cm\/","title":{"rendered":"Pokale Volleyball Figuren ab 17cm"},"content":{"rendered":"<p><span style=\"vertical-align: inherit;\"><span style=\"vertical-align: inherit;\"><span style=\"vertical-align: inherit;\"><span style=\"vertical-align: inherit;\">Top Pokale\u00a0 Volleyball im Top-Design &#8211; bestens geeignet f\u00fcr alle Auszeichnungen im Volleyballsport.<\/span><\/span><\/span><\/span><\/p>\n<p><span style=\"vertical-align: inherit;\"><span style=\"vertical-align: inherit;\"><span style=\"vertical-align: inherit;\"><span style=\"vertical-align: inherit;\">Sie k\u00f6nnen unsere Volleyballfiguren in drei verschiedenen Farben (Gold, Silber, Resin) und in der Variante f\u00fcr Damen oder Herren w\u00e4hlen.<\/span><\/span><\/span><\/span><\/p>\n<p><span style=\"vertical-align: inherit;\"><span style=\"vertical-align: inherit;\"><span style=\"vertical-align: inherit;\"><span style=\"vertical-align: inherit;\">H\u00f6he: 17 cm<\/span><\/span><\/span><\/span><\/p>\n<p><span style=\"vertical-align: inherit;\"><span style=\"vertical-align: inherit;\"><span style=\"vertical-align: inherit;\"><span style=\"vertical-align: inherit;\">Du hast 3 bis max. <\/span><span style=\"vertical-align: inherit;\">4 Zeilen stehen f\u00fcr Ihren individuellen Text zur Verf\u00fcgung &#8211; bitte verwenden Sie max. <\/span><span style=\"vertical-align: inherit;\">25-30 Zeichen inklusive Leerzeichen pro Zeile. <\/span><\/span><\/span><span style=\"vertical-align: inherit;\"><span style=\"vertical-align: inherit;\"><span style=\"vertical-align: inherit;\">Diese Angaben dienen der Orientierung, um eine sch\u00f6ne Aufteilung zu gew\u00e4hrleisten.<\/span><\/span><\/span><\/span><\/p>\n","protected":false},"excerpt":{"rendered":"<p>Top Pokale\u00a0 Volleyball im Top-Design &#8211; bestens geeignet f\u00fcr alle Auszeichnungen im Volleyballsport. Sie k\u00f6nnen unsere Volleyballfiguren in drei verschiedenen Farben (Gold, Silber, Resin) und in der Variante f\u00fcr Damen oder Herren w\u00e4hlen. H\u00f6he: 17 cm Du hast 3 bis max. 4 Zeilen stehen f\u00fcr Ihren individuellen Text zur Verf\u00fcgung&hellip;<\/p>\n","protected":false},"featured_media":4633,"comment_status":"open","ping_status":"closed","template":"","meta":{"spay_email":""},"product_cat":[16,32,48],"product_tag":[],"class_list":["post-4632","product","type-product","status-publish","has-post-thumbnail","hentry","product_cat-pokale","product_cat-themen-pokale","product_cat-sonstige-pokale","pa_color-resin-2","pa_color-gold","pa_color-silber"],"_links":{"self":[{"href":"https:\/\/pokale.shop\/ps\/wp-json\/wp\/v2\/product\/4632","targetHints":{"allow":["GET"]}}],"collection":[{"href":"https:\/\/pokale.shop\/ps\/wp-json\/wp\/v2\/product"}],"about":[{"href":"https:\/\/pokale.shop\/ps\/wp-json\/wp\/v2\/types\/product"}],"replies":[{"embeddable":true,"href":"https:\/\/pokale.shop\/ps\/wp-json\/wp\/v2\/comments?post=4632"}],"wp:featuredmedia":[{"embeddable":true,"href":"https:\/\/pokale.shop\/ps\/wp-json\/wp\/v2\/media\/4633"}],"wp:attachment":[{"href":"https:\/\/pokale.shop\/ps\/wp-json\/wp\/v2\/media?parent=4632"}],"wp:term":[{"taxonomy":"product_cat","embeddable":true,"href":"https:\/\/pokale.shop\/ps\/wp-json\/wp\/v2\/product_cat?post=4632"},{"taxonomy":"product_tag","embeddable":true,"href":"https:\/\/pokale.shop\/ps\/wp-json\/wp\/v2\/product_tag?post=4632"}],"curies":[{"name":"wp","href":"https:\/\/api.w.org\/{rel}","templated":true}]}}