{"id":4642,"date":"2021-06-02T21:04:20","date_gmt":"2021-06-02T21:04:20","guid":{"rendered":"http:\/\/localhost\/import\/product\/pokale-schaferhund-resin-ab-16cm\/"},"modified":"2022-02-04T12:33:30","modified_gmt":"2022-02-04T12:33:30","slug":"pokale-schaferhund-resin-ab-16cm","status":"publish","type":"product","link":"https:\/\/pokale.shop\/ps\/product\/pokale-schaferhund-resin-ab-16cm\/","title":{"rendered":"Pokale Sch\u00e4ferhund Resin ab 16cm"},"content":{"rendered":"<p>Eine TOP Sch\u00e4ferhund Pokalserie in sehr sch\u00f6ner Detail Ausf\u00fchrung &#8211; f\u00fcr alle Auszeichnungen f\u00fcr Sch\u00e4ferhunde bestens geeignet.<\/p>\n<p>Ob elegant, klassisch oder trendig &#8211; bei uns finden Sie f\u00fcr jedes Turnier, Veranstaltung oder Event die richtigen Pokale und Medaillen.<\/p>\n<p>W\u00e4hlen Sie aus drei verschiedenen Pokalgr\u00f6\u00dfen und erstellen Sie somit Ihre eigene Sch\u00e4ferhund Pokalserie.<\/p>\n<p>H\u00f6he: 16 cm \/ 18 cm \/ 20 cm<\/p>\n<p>F\u00fcr Ihren individuellen Text stehen Ihnen 3 bis max. 4 Zeilen zur Verf\u00fcgung &#8211; verwenden Sie bitte dabei pro Zeile max. 25-30 Zeichen inkl. Leerzeichen. Diese Angabe dient zur Orientierung um eine sch\u00f6ne Aufteilung zu gew\u00e4hrleisten.<\/p>\n","protected":false},"excerpt":{"rendered":"<p>Eine TOP Sch\u00e4ferhund Pokalserie in sehr sch\u00f6ner Detail Ausf\u00fchrung &#8211; f\u00fcr alle Auszeichnungen f\u00fcr Sch\u00e4ferhunde bestens geeignet. Ob elegant, klassisch oder trendig &#8211; bei uns finden Sie f\u00fcr jedes Turnier, Veranstaltung oder Event die richtigen Pokale und Medaillen. W\u00e4hlen Sie aus drei verschiedenen Pokalgr\u00f6\u00dfen und erstellen Sie somit Ihre eigene&hellip;<\/p>\n","protected":false},"featured_media":4643,"comment_status":"open","ping_status":"closed","template":"","meta":{"spay_email":""},"product_cat":[16,32,49],"product_tag":[],"class_list":["post-4642","product","type-product","status-publish","has-post-thumbnail","hentry","product_cat-pokale","product_cat-themen-pokale","product_cat-tier-pokale"],"_links":{"self":[{"href":"https:\/\/pokale.shop\/ps\/wp-json\/wp\/v2\/product\/4642","targetHints":{"allow":["GET"]}}],"collection":[{"href":"https:\/\/pokale.shop\/ps\/wp-json\/wp\/v2\/product"}],"about":[{"href":"https:\/\/pokale.shop\/ps\/wp-json\/wp\/v2\/types\/product"}],"replies":[{"embeddable":true,"href":"https:\/\/pokale.shop\/ps\/wp-json\/wp\/v2\/comments?post=4642"}],"wp:featuredmedia":[{"embeddable":true,"href":"https:\/\/pokale.shop\/ps\/wp-json\/wp\/v2\/media\/4643"}],"wp:attachment":[{"href":"https:\/\/pokale.shop\/ps\/wp-json\/wp\/v2\/media?parent=4642"}],"wp:term":[{"taxonomy":"product_cat","embeddable":true,"href":"https:\/\/pokale.shop\/ps\/wp-json\/wp\/v2\/product_cat?post=4642"},{"taxonomy":"product_tag","embeddable":true,"href":"https:\/\/pokale.shop\/ps\/wp-json\/wp\/v2\/product_tag?post=4642"}],"curies":[{"name":"wp","href":"https:\/\/api.w.org\/{rel}","templated":true}]}}