{"id":4644,"date":"2021-06-02T21:04:24","date_gmt":"2021-06-02T21:04:24","guid":{"rendered":"http:\/\/localhost\/import\/product\/pokale-schaferhund-golden-ab-17cm\/"},"modified":"2022-02-04T12:24:26","modified_gmt":"2022-02-04T12:24:26","slug":"pokale-schaferhund-golden-ab-17cm","status":"publish","type":"product","link":"https:\/\/pokale.shop\/ps\/product\/pokale-schaferhund-golden-ab-17cm\/","title":{"rendered":"Pokale Sch\u00e4ferhund Golden ab 17cm"},"content":{"rendered":"<p><span style=\"vertical-align: inherit;\"><span style=\"vertical-align: inherit;\"><span style=\"vertical-align: inherit;\"><span style=\"vertical-align: inherit;\">TOP Sch\u00e4ferhund &#8211; Pokalserie auf edlen, gro\u00dfen Mahagoni Sockel in sehr sch\u00f6ner Detailtreue &#8211; ideal geeignet f\u00fcr Deine TOP-Auszeichnungen f\u00fcr Deutsche Sch\u00e4ferhunde.<\/span><\/span><\/span><\/span><\/p>\n<p><span style=\"vertical-align: inherit;\"><span style=\"vertical-align: inherit;\"><span style=\"vertical-align: inherit;\"><span style=\"vertical-align: inherit;\">W\u00e4hlen Sie aus drei verschiedenen Pokalgr\u00f6\u00dfen und kreieren Sie Ihre eigene Sch\u00e4ferhund &#8211; GOLDEN &#8211; Pokalserie.<\/span><\/span><\/span><\/span><\/p>\n<p><span style=\"vertical-align: inherit;\"><span style=\"vertical-align: inherit;\"><span style=\"vertical-align: inherit;\"><span style=\"vertical-align: inherit;\">H\u00f6he: 17 cm \/ 19 cm \/ 21 cm \/ 24 cm<\/span><\/span><\/span><\/span><\/p>\n<p><span style=\"vertical-align: inherit;\"><span style=\"vertical-align: inherit;\"><span style=\"vertical-align: inherit;\"><span style=\"vertical-align: inherit;\">Du hast 3 bis max. <\/span><span style=\"vertical-align: inherit;\">4 Zeilen stehen f\u00fcr Ihren individuellen Text zur Verf\u00fcgung &#8211; bitte verwenden Sie maximal 25-30 Zeichen pro Zeile inkl. Leerzeichen. <\/span><\/span><\/span><span style=\"vertical-align: inherit;\"><span style=\"vertical-align: inherit;\"><span style=\"vertical-align: inherit;\">Diese Angaben dienen der Orientierung, um eine sch\u00f6ne Aufteilung zu gew\u00e4hrleisten.<\/span><\/span><\/span><\/span><\/p>\n","protected":false},"excerpt":{"rendered":"<p>TOP Sch\u00e4ferhund &#8211; Pokalserie auf edlen, gro\u00dfen Mahagoni Sockel in sehr sch\u00f6ner Detailtreue &#8211; ideal geeignet f\u00fcr Deine TOP-Auszeichnungen f\u00fcr Deutsche Sch\u00e4ferhunde. W\u00e4hlen Sie aus drei verschiedenen Pokalgr\u00f6\u00dfen und kreieren Sie Ihre eigene Sch\u00e4ferhund &#8211; GOLDEN &#8211; Pokalserie. H\u00f6he: 17 cm \/ 19 cm \/ 21 cm \/ 24 cm&hellip;<\/p>\n","protected":false},"featured_media":4645,"comment_status":"open","ping_status":"closed","template":"","meta":{"spay_email":""},"product_cat":[16,32,49],"product_tag":[],"class_list":["post-4644","product","type-product","status-publish","has-post-thumbnail","hentry","product_cat-pokale","product_cat-themen-pokale","product_cat-tier-pokale"],"_links":{"self":[{"href":"https:\/\/pokale.shop\/ps\/wp-json\/wp\/v2\/product\/4644","targetHints":{"allow":["GET"]}}],"collection":[{"href":"https:\/\/pokale.shop\/ps\/wp-json\/wp\/v2\/product"}],"about":[{"href":"https:\/\/pokale.shop\/ps\/wp-json\/wp\/v2\/types\/product"}],"replies":[{"embeddable":true,"href":"https:\/\/pokale.shop\/ps\/wp-json\/wp\/v2\/comments?post=4644"}],"wp:featuredmedia":[{"embeddable":true,"href":"https:\/\/pokale.shop\/ps\/wp-json\/wp\/v2\/media\/4645"}],"wp:attachment":[{"href":"https:\/\/pokale.shop\/ps\/wp-json\/wp\/v2\/media?parent=4644"}],"wp:term":[{"taxonomy":"product_cat","embeddable":true,"href":"https:\/\/pokale.shop\/ps\/wp-json\/wp\/v2\/product_cat?post=4644"},{"taxonomy":"product_tag","embeddable":true,"href":"https:\/\/pokale.shop\/ps\/wp-json\/wp\/v2\/product_tag?post=4644"}],"curies":[{"name":"wp","href":"https:\/\/api.w.org\/{rel}","templated":true}]}}