{"id":4646,"date":"2021-06-02T21:04:28","date_gmt":"2021-06-02T21:04:28","guid":{"rendered":"http:\/\/localhost\/import\/product\/pokale-hunde-pfote-golden-16cm\/"},"modified":"2024-07-12T13:33:50","modified_gmt":"2024-07-12T13:33:50","slug":"pokale-hunde-pfote-golden-16cm","status":"publish","type":"product","link":"https:\/\/pokale.shop\/ps\/product\/pokale-hunde-pfote-golden-16cm\/","title":{"rendered":"Pokale Hunde Pfote Golden 16cm"},"content":{"rendered":"<p>Pokale Hunde Figur im extravagantes Design und ausdrucksstarken Profil.<\/p>\n<p>Sie erhalten:<\/p>\n<p>eine Figur Hunde<\/p>\n<p>H\u00f6he: 16cm<\/p>\n<p>Der Pokalsockel ist aus weissen Marmor gefertigt.<\/p>\n<p>Selbstverst\u00e4ndlich ist im Preis bereits die Gravur enthalten.<br \/>\nGeben Sie hierzu einfach Ihren gew\u00fcnschten Gravurtext in das Textfeld ein.<\/p>\n<p><b>Bitte beachten Sie &#8211; f\u00fcr das Gravurschild stehen Ihnen 3 Zeilen zur Verf\u00fcgung &#8211; pro Zeile max. 23 Zeichen inkl. Leerzeichen. <\/b><\/p>\n","protected":false},"excerpt":{"rendered":"<p>Pokale Hunde Figur im extravagantes Design und ausdrucksstarken Profil. Sie erhalten: eine Figur Hunde H\u00f6he: 16cm Der Pokalsockel ist aus weissen Marmor gefertigt. Selbstverst\u00e4ndlich ist im Preis bereits die Gravur enthalten. Geben Sie hierzu einfach Ihren gew\u00fcnschten Gravurtext in das Textfeld ein. Bitte beachten Sie &#8211; f\u00fcr das Gravurschild stehen&hellip;<\/p>\n","protected":false},"featured_media":9471,"comment_status":"open","ping_status":"closed","template":"","meta":{"spay_email":""},"product_cat":[16,32,49],"product_tag":[],"class_list":["post-4646","product","type-product","status-publish","has-post-thumbnail","hentry","product_cat-pokale","product_cat-themen-pokale","product_cat-tier-pokale"],"_links":{"self":[{"href":"https:\/\/pokale.shop\/ps\/wp-json\/wp\/v2\/product\/4646","targetHints":{"allow":["GET"]}}],"collection":[{"href":"https:\/\/pokale.shop\/ps\/wp-json\/wp\/v2\/product"}],"about":[{"href":"https:\/\/pokale.shop\/ps\/wp-json\/wp\/v2\/types\/product"}],"replies":[{"embeddable":true,"href":"https:\/\/pokale.shop\/ps\/wp-json\/wp\/v2\/comments?post=4646"}],"wp:featuredmedia":[{"embeddable":true,"href":"https:\/\/pokale.shop\/ps\/wp-json\/wp\/v2\/media\/9471"}],"wp:attachment":[{"href":"https:\/\/pokale.shop\/ps\/wp-json\/wp\/v2\/media?parent=4646"}],"wp:term":[{"taxonomy":"product_cat","embeddable":true,"href":"https:\/\/pokale.shop\/ps\/wp-json\/wp\/v2\/product_cat?post=4646"},{"taxonomy":"product_tag","embeddable":true,"href":"https:\/\/pokale.shop\/ps\/wp-json\/wp\/v2\/product_tag?post=4646"}],"curies":[{"name":"wp","href":"https:\/\/api.w.org\/{rel}","templated":true}]}}