{"id":5579,"date":"2021-06-02T21:27:31","date_gmt":"2021-06-02T21:27:31","guid":{"rendered":"http:\/\/localhost\/import\/product\/pokale-tauben-13cm\/"},"modified":"2022-02-04T12:35:10","modified_gmt":"2022-02-04T12:35:10","slug":"pokale-tauben-13cm","status":"publish","type":"product","link":"https:\/\/pokale.shop\/ps\/product\/pokale-tauben-13cm\/","title":{"rendered":"Pokale Tauben 13cm"},"content":{"rendered":"<p><span style=\"vertical-align: inherit;\"><span style=\"vertical-align: inherit;\"><span style=\"vertical-align: inherit;\"><span style=\"vertical-align: inherit;\">Pokale Taube Figur in extravagantem Design und ausdrucksstarkem Profil.<\/span><\/span><\/span><\/span><\/p>\n<p><span style=\"vertical-align: inherit;\"><span style=\"vertical-align: inherit;\"><span style=\"vertical-align: inherit;\"><span style=\"vertical-align: inherit;\">H\u00f6he: 13cm<\/span><\/span><\/span><\/span><\/p>\n<p><span style=\"vertical-align: inherit;\"><span style=\"vertical-align: inherit;\"><span style=\"vertical-align: inherit;\"><span style=\"vertical-align: inherit;\">Die Gravur ist nat\u00fcrlich bereits im Preis enthalten. <\/span><\/span><\/span><\/span><br \/>\n<span style=\"vertical-align: inherit;\"><span style=\"vertical-align: inherit;\"><span style=\"vertical-align: inherit;\"><span style=\"vertical-align: inherit;\">Geben Sie einfach Ihren gew\u00fcnschten Gravurtext in das Textfeld ein.<\/span><\/span><\/span><\/span><\/p>\n<p><b><span style=\"vertical-align: inherit;\"><span style=\"vertical-align: inherit;\"><span style=\"vertical-align: inherit;\"><span style=\"vertical-align: inherit;\">Bitte beachten Sie &#8211; f\u00fcr das Gravurschild stehen 3-4 Zeilen zur Verf\u00fcgung &#8211; maximal 30 Zeichen pro Zeile inkl. Leerzeichen.<\/span><\/span><\/span><\/span><\/b><\/p>\n","protected":false},"excerpt":{"rendered":"<p>Pokale Taube Figur in extravagantem Design und ausdrucksstarkem Profil. H\u00f6he: 13cm Die Gravur ist nat\u00fcrlich bereits im Preis enthalten. Geben Sie einfach Ihren gew\u00fcnschten Gravurtext in das Textfeld ein. Bitte beachten Sie &#8211; f\u00fcr das Gravurschild stehen 3-4 Zeilen zur Verf\u00fcgung &#8211; maximal 30 Zeichen pro Zeile inkl. Leerzeichen.<\/p>\n","protected":false},"featured_media":5581,"comment_status":"open","ping_status":"closed","template":"","meta":{"spay_email":""},"product_cat":[16,32,49],"product_tag":[],"class_list":["post-5579","product","type-product","status-publish","has-post-thumbnail","hentry","product_cat-pokale","product_cat-themen-pokale","product_cat-tier-pokale"],"_links":{"self":[{"href":"https:\/\/pokale.shop\/ps\/wp-json\/wp\/v2\/product\/5579","targetHints":{"allow":["GET"]}}],"collection":[{"href":"https:\/\/pokale.shop\/ps\/wp-json\/wp\/v2\/product"}],"about":[{"href":"https:\/\/pokale.shop\/ps\/wp-json\/wp\/v2\/types\/product"}],"replies":[{"embeddable":true,"href":"https:\/\/pokale.shop\/ps\/wp-json\/wp\/v2\/comments?post=5579"}],"wp:featuredmedia":[{"embeddable":true,"href":"https:\/\/pokale.shop\/ps\/wp-json\/wp\/v2\/media\/5581"}],"wp:attachment":[{"href":"https:\/\/pokale.shop\/ps\/wp-json\/wp\/v2\/media?parent=5579"}],"wp:term":[{"taxonomy":"product_cat","embeddable":true,"href":"https:\/\/pokale.shop\/ps\/wp-json\/wp\/v2\/product_cat?post=5579"},{"taxonomy":"product_tag","embeddable":true,"href":"https:\/\/pokale.shop\/ps\/wp-json\/wp\/v2\/product_tag?post=5579"}],"curies":[{"name":"wp","href":"https:\/\/api.w.org\/{rel}","templated":true}]}}