{"id":5588,"date":"2021-06-02T21:27:39","date_gmt":"2021-06-02T21:27:39","guid":{"rendered":"http:\/\/localhost\/import\/product\/kinder-pokal-pokalino-ab-9cm\/"},"modified":"2024-12-23T07:46:34","modified_gmt":"2024-12-23T07:46:34","slug":"kinder-pokal-pokalino-ab-9cm","status":"publish","type":"product","link":"https:\/\/pokale.shop\/ps\/product\/kinder-pokal-pokalino-ab-9cm\/","title":{"rendered":"Kinder Pokal Pokalino in 3 Gr\u00f6\u00dfen 9cm \/ 11cm \/ 13cm"},"content":{"rendered":"<p>Unser Kinderpokal Pokalino ist ein origineller Siegespreis f\u00fcr alle KLEINEN und GROSSEN Gewinner. Dieser Kinderpokal eignet sich nicht nur f\u00fcr alle sportlichen Auszeichnungen. W\u00e4hlen Sie einfach aus unseren umfangreichen Emblem Auswahl Ihr passendes Motiv \/ Sportart dazu aus.<\/p>\n<p>Ob elegant, klassisch oder trendig &#8211; bei uns finden Sie f\u00fcr jedes Turnier, Veranstaltung oder Event die richtigen Pokale und Medaillen.<\/p>\n<p>W\u00e4hlen Sie aus drei verschiedenen Pokalgr\u00f6\u00dfen und erstellen Sie somit Ihre eigene Kinder Pokalserie.<\/p>\n<p><strong>F\u00fcr Ihren individuellen Text stehen Ihnen 3 bis max. 4 Zeilen zur Verf\u00fcgung &#8211; verwenden Sie bitte dabei pro Zeile max. 25-30 Zeichen inkl. Leerzeichen. Diese Angabe dient zur Orientierung um eine sch\u00f6ne Aufteilung zu gew\u00e4hrleisten.<\/strong><\/p>\n","protected":false},"excerpt":{"rendered":"<p>Unser Kinderpokal Pokalino ist ein origineller Siegespreis f\u00fcr alle KLEINEN und GROSSEN Gewinner. Dieser Kinderpokal eignet sich nicht nur f\u00fcr alle sportlichen Auszeichnungen. W\u00e4hlen Sie einfach aus unseren umfangreichen Emblem Auswahl Ihr passendes Motiv \/ Sportart dazu aus. Ob elegant, klassisch oder trendig &#8211; bei uns finden Sie f\u00fcr jedes&hellip;<\/p>\n","protected":false},"featured_media":9978,"comment_status":"open","ping_status":"closed","template":"","meta":{"spay_email":""},"product_cat":[16,17,18,32,50],"product_tag":[],"class_list":["post-5588","product","type-product","status-publish","has-post-thumbnail","hentry","product_cat-pokale","product_cat-pokale-pokale","product_cat-einzelpokale","product_cat-themen-pokale","product_cat-kinder-pokale"],"_links":{"self":[{"href":"https:\/\/pokale.shop\/ps\/wp-json\/wp\/v2\/product\/5588","targetHints":{"allow":["GET"]}}],"collection":[{"href":"https:\/\/pokale.shop\/ps\/wp-json\/wp\/v2\/product"}],"about":[{"href":"https:\/\/pokale.shop\/ps\/wp-json\/wp\/v2\/types\/product"}],"replies":[{"embeddable":true,"href":"https:\/\/pokale.shop\/ps\/wp-json\/wp\/v2\/comments?post=5588"}],"wp:featuredmedia":[{"embeddable":true,"href":"https:\/\/pokale.shop\/ps\/wp-json\/wp\/v2\/media\/9978"}],"wp:attachment":[{"href":"https:\/\/pokale.shop\/ps\/wp-json\/wp\/v2\/media?parent=5588"}],"wp:term":[{"taxonomy":"product_cat","embeddable":true,"href":"https:\/\/pokale.shop\/ps\/wp-json\/wp\/v2\/product_cat?post=5588"},{"taxonomy":"product_tag","embeddable":true,"href":"https:\/\/pokale.shop\/ps\/wp-json\/wp\/v2\/product_tag?post=5588"}],"curies":[{"name":"wp","href":"https:\/\/api.w.org\/{rel}","templated":true}]}}