{"id":5720,"date":"2021-06-02T21:28:04","date_gmt":"2021-06-02T21:28:04","guid":{"rendered":"http:\/\/localhost\/import\/product\/kinder-medaillen-5-cm\/"},"modified":"2024-07-24T14:42:18","modified_gmt":"2024-07-24T14:42:18","slug":"kinder-medaillen-5-cm","status":"publish","type":"product","link":"https:\/\/pokale.shop\/ps\/product\/kinder-medaillen-5-cm\/","title":{"rendered":"Kinder Medaillen 5 cm"},"content":{"rendered":"<p>Medaillen f\u00fcr CHAMPIONS Kinder !<\/p>\n<p>Motiv Medaille Pokalino Kinder g\u00fcnstig kaufen.<\/p>\n<p>Durchmesser: ca. 5 cm<br \/>\nFarbe: gold, silber oder bronze<\/p>\n<p>Selbstverst\u00e4ndlich sind im Preis bereits das Emblem (gold) und das Band 11mm enthalten.<\/p>\n<p>&nbsp;<\/p>\n","protected":false},"excerpt":{"rendered":"<p>Medaillen f\u00fcr CHAMPIONS Kinder ! Motiv Medaille Pokalino Kinder g\u00fcnstig kaufen. Durchmesser: ca. 5 cm Farbe: gold, silber oder bronze Selbstverst\u00e4ndlich sind im Preis bereits das Emblem (gold) und das Band 11mm enthalten. &nbsp;<\/p>\n","protected":false},"featured_media":5723,"comment_status":"open","ping_status":"closed","template":"","meta":{"spay_email":""},"product_cat":[55,58],"product_tag":[],"class_list":["post-5720","product","type-product","status-publish","has-post-thumbnail","hentry","product_cat-medaillen","product_cat-motiv-medaillen","pa_band-schwarz-rot-gelb","pa_band-schwarz-gelb","pa_band-schwarz-weiss","pa_band-schwarz-rot","pa_band-blau-weiss","pa_band-blau-gelb","pa_band-gr-ge","pa_band-gruen-weiss","pa_band-rot-weiss","pa_color-gold","pa_color-silber","pa_color-bronze"],"_links":{"self":[{"href":"https:\/\/pokale.shop\/ps\/wp-json\/wp\/v2\/product\/5720","targetHints":{"allow":["GET"]}}],"collection":[{"href":"https:\/\/pokale.shop\/ps\/wp-json\/wp\/v2\/product"}],"about":[{"href":"https:\/\/pokale.shop\/ps\/wp-json\/wp\/v2\/types\/product"}],"replies":[{"embeddable":true,"href":"https:\/\/pokale.shop\/ps\/wp-json\/wp\/v2\/comments?post=5720"}],"wp:featuredmedia":[{"embeddable":true,"href":"https:\/\/pokale.shop\/ps\/wp-json\/wp\/v2\/media\/5723"}],"wp:attachment":[{"href":"https:\/\/pokale.shop\/ps\/wp-json\/wp\/v2\/media?parent=5720"}],"wp:term":[{"taxonomy":"product_cat","embeddable":true,"href":"https:\/\/pokale.shop\/ps\/wp-json\/wp\/v2\/product_cat?post=5720"},{"taxonomy":"product_tag","embeddable":true,"href":"https:\/\/pokale.shop\/ps\/wp-json\/wp\/v2\/product_tag?post=5720"}],"curies":[{"name":"wp","href":"https:\/\/api.w.org\/{rel}","templated":true}]}}