{"id":5787,"date":"2021-06-02T21:28:33","date_gmt":"2021-06-02T21:28:33","guid":{"rendered":"http:\/\/localhost\/import\/product\/grosse-pokale-motorsport-ab-25cm\/"},"modified":"2022-02-04T13:41:15","modified_gmt":"2022-02-04T13:41:15","slug":"grosse-pokale-motorsport-ab-25cm","status":"publish","type":"product","link":"https:\/\/pokale.shop\/ps\/product\/grosse-pokale-motorsport-ab-25cm\/","title":{"rendered":"Grosse Pokale Motorsport ab 25cm"},"content":{"rendered":"<p>GROSSE Pokale Teller im exclusiven Motorsport Design. Jede Motorsport Auszeichnung und\/oder Ehrung ist mit dieser Serie m\u00f6glich.<\/p>\n<p>Diese Top Auszeichnungsserie k\u00f6nnt Ihr in den Gr\u00f6\u00dfen &#8211; 25cm, 30cm und 35cm inklusive Teller St\u00e4nder bestellen.<\/p>\n<p>F\u00fcr Deinen individuellen Text stehen Dir 3 bis max. 4 Zeilen zur Verf\u00fcgung &#8211; verwende bitte dabei pro Zeile max. 25-30 Zeichen inkl. Leerzeichen. Diese Angabe dient zur Orientierung, um eine sch\u00f6ne Aufteilung zu gew\u00e4hrleisten.<\/p>\n<p>Du m\u00f6chtest Dein eigenes Design auf diesen Teller? Kein Problem! Lade einfach Deine entsprechende Bild Datei zu dieser Bestellung hier hoch.<\/p>\n<p><b>Bildformat: <\/b>Um eine bestm\u00f6gliche Bild Qualit\u00e4t zu liefern, w\u00fcrden wir Dich bitten folgende Daten zu beachten.<br \/>\nBilddatei: .jpg<br \/>\nAufl\u00f6sung: 300dpi<br \/>\nFarbraum: CMYK Modus<br \/>\nDie entsprechenden Kreisformate f\u00fcr diese Teller sind<br \/>\n17cm = 25cm<br \/>\n21cm = 30cm<br \/>\n25cm = 35cm<\/p>\n<p>Material &#8211; Alu verchromt<\/p>\n<p><b>Bitte beachten Sie &#8211; das die Farbe &#8220;wei\u00df&#8221; nicht gedruckt wird = transparente Darstellung.<\/b><\/p>\n","protected":false},"excerpt":{"rendered":"<p>GROSSE Pokale Teller im exclusiven Motorsport Design. Jede Motorsport Auszeichnung und\/oder Ehrung ist mit dieser Serie m\u00f6glich. Diese Top Auszeichnungsserie k\u00f6nnt Ihr in den Gr\u00f6\u00dfen &#8211; 25cm, 30cm und 35cm inklusive Teller St\u00e4nder bestellen. F\u00fcr Deinen individuellen Text stehen Dir 3 bis max. 4 Zeilen zur Verf\u00fcgung &#8211; verwende bitte&hellip;<\/p>\n","protected":false},"featured_media":5790,"comment_status":"open","ping_status":"closed","template":"","meta":{"spay_email":""},"product_cat":[16,32,41,28],"product_tag":[],"class_list":["post-5787","product","type-product","status-publish","has-post-thumbnail","hentry","product_cat-pokale","product_cat-themen-pokale","product_cat-motorsport-pokale","product_cat-teller"],"_links":{"self":[{"href":"https:\/\/pokale.shop\/ps\/wp-json\/wp\/v2\/product\/5787","targetHints":{"allow":["GET"]}}],"collection":[{"href":"https:\/\/pokale.shop\/ps\/wp-json\/wp\/v2\/product"}],"about":[{"href":"https:\/\/pokale.shop\/ps\/wp-json\/wp\/v2\/types\/product"}],"replies":[{"embeddable":true,"href":"https:\/\/pokale.shop\/ps\/wp-json\/wp\/v2\/comments?post=5787"}],"wp:featuredmedia":[{"embeddable":true,"href":"https:\/\/pokale.shop\/ps\/wp-json\/wp\/v2\/media\/5790"}],"wp:attachment":[{"href":"https:\/\/pokale.shop\/ps\/wp-json\/wp\/v2\/media?parent=5787"}],"wp:term":[{"taxonomy":"product_cat","embeddable":true,"href":"https:\/\/pokale.shop\/ps\/wp-json\/wp\/v2\/product_cat?post=5787"},{"taxonomy":"product_tag","embeddable":true,"href":"https:\/\/pokale.shop\/ps\/wp-json\/wp\/v2\/product_tag?post=5787"}],"curies":[{"name":"wp","href":"https:\/\/api.w.org\/{rel}","templated":true}]}}