{"id":5796,"date":"2021-06-02T21:28:37","date_gmt":"2021-06-02T21:28:37","guid":{"rendered":"http:\/\/localhost\/import\/product\/embleme-25-50mm-gold-silber-bronze\/"},"modified":"2025-08-11T15:57:24","modified_gmt":"2025-08-11T15:57:24","slug":"embleme-25-50mm-gold-silber-bronze","status":"publish","type":"product","link":"https:\/\/pokale.shop\/ps\/product\/embleme-25-50mm-gold-silber-bronze\/","title":{"rendered":"Embleme 25\/50mm gold silber bronze"},"content":{"rendered":"<p><span style=\"vertical-align: inherit;\"><span style=\"vertical-align: inherit;\"><span style=\"vertical-align: inherit;\"><span style=\"vertical-align: inherit;\">Standard-Embleme in den Gr\u00f6\u00dfen 25 mm und 50 mm in den Farben Gold, Silber und Bronze k\u00f6nnen hier bestellt werden. <\/span><\/span><\/span><\/span><\/p>\n<p><span style=\"vertical-align: inherit;\"><span style=\"vertical-align: inherit;\"><span style=\"vertical-align: inherit;\"><span style=\"vertical-align: inherit;\">W\u00e4hlen Sie einfach Ihr Wunschmotiv aus unserer Vorlage aus. <\/span><\/span><\/span><span style=\"vertical-align: inherit;\"><span style=\"vertical-align: inherit;\"><span style=\"vertical-align: inherit;\">Tragen Sie diese dann entsprechend in das Feld Motiv ein.<\/span><\/span><\/span><\/span><\/p>\n","protected":false},"excerpt":{"rendered":"<p>Standard-Embleme in den Gr\u00f6\u00dfen 25 mm und 50 mm in den Farben Gold, Silber und Bronze k\u00f6nnen hier bestellt werden. W\u00e4hlen Sie einfach Ihr Wunschmotiv aus unserer Vorlage aus. Tragen Sie diese dann entsprechend in das Feld Motiv ein.<\/p>\n","protected":false},"featured_media":5798,"comment_status":"open","ping_status":"closed","template":"","meta":{"spay_email":""},"product_cat":[16,51],"product_tag":[],"class_list":["post-5796","product","type-product","status-publish","has-post-thumbnail","hentry","product_cat-pokale","product_cat-zubehor","pa_color-gold","pa_color-silber","pa_color-bronze"],"_links":{"self":[{"href":"https:\/\/pokale.shop\/ps\/wp-json\/wp\/v2\/product\/5796","targetHints":{"allow":["GET"]}}],"collection":[{"href":"https:\/\/pokale.shop\/ps\/wp-json\/wp\/v2\/product"}],"about":[{"href":"https:\/\/pokale.shop\/ps\/wp-json\/wp\/v2\/types\/product"}],"replies":[{"embeddable":true,"href":"https:\/\/pokale.shop\/ps\/wp-json\/wp\/v2\/comments?post=5796"}],"wp:featuredmedia":[{"embeddable":true,"href":"https:\/\/pokale.shop\/ps\/wp-json\/wp\/v2\/media\/5798"}],"wp:attachment":[{"href":"https:\/\/pokale.shop\/ps\/wp-json\/wp\/v2\/media?parent=5796"}],"wp:term":[{"taxonomy":"product_cat","embeddable":true,"href":"https:\/\/pokale.shop\/ps\/wp-json\/wp\/v2\/product_cat?post=5796"},{"taxonomy":"product_tag","embeddable":true,"href":"https:\/\/pokale.shop\/ps\/wp-json\/wp\/v2\/product_tag?post=5796"}],"curies":[{"name":"wp","href":"https:\/\/api.w.org\/{rel}","templated":true}]}}