{"id":5806,"date":"2021-06-02T21:28:41","date_gmt":"2021-06-02T21:28:41","guid":{"rendered":"http:\/\/localhost\/import\/product\/gravurschilder-gold-silber-bronze\/"},"modified":"2026-04-01T11:53:19","modified_gmt":"2026-04-01T11:53:19","slug":"gravurschilder-gold-silber-bronze","status":"publish","type":"product","link":"https:\/\/pokale.shop\/ps\/product\/gravurschilder-gold-silber-bronze\/","title":{"rendered":"Gravurschilder gold silber bronze"},"content":{"rendered":"<p><span style=\"vertical-align: inherit;\"><span style=\"vertical-align: inherit;\"><span style=\"vertical-align: inherit;\"><span style=\"vertical-align: inherit;\">Gravierte Schilder, in den vier klassischen Formatgr\u00f6\u00dfen, passend f\u00fcr alle Marmor- und Kunststoffuntergr\u00fcnde. <\/span><\/span><\/span><\/span><\/p>\n<p><span style=\"vertical-align: inherit;\"><span style=\"vertical-align: inherit;\"><span style=\"vertical-align: inherit;\"><span style=\"vertical-align: inherit;\">Graviert wird immer mittig \/ zentriert. <\/span><\/span><\/span><\/span><br \/>\n<span style=\"vertical-align: inherit;\"><span style=\"vertical-align: inherit;\"><span style=\"vertical-align: inherit;\"><span style=\"vertical-align: inherit;\">Falls eine andere Aufteilung gew\u00fcnscht wird, geben Sie dies bitte zus\u00e4tzlich an.<\/span><\/span><\/span><\/span><\/p>\n<p><span style=\"vertical-align: inherit;\"><span style=\"vertical-align: inherit;\"><span style=\"vertical-align: inherit;\"><span style=\"vertical-align: inherit;\">Material: <\/span><\/span><\/span><span style=\"vertical-align: inherit;\"><span style=\"vertical-align: inherit;\"><span style=\"vertical-align: inherit;\">Kunststoffschild<\/span><\/span><\/span><\/span><\/p>\n<p><span style=\"vertical-align: inherit;\"><span style=\"vertical-align: inherit;\"><span style=\"vertical-align: inherit;\"><span style=\"vertical-align: inherit;\">Farbe: Gold, Silber, Bronze <\/span><\/span><\/span><\/span><\/p>\n<p><span style=\"vertical-align: inherit;\"><span style=\"vertical-align: inherit;\"><span style=\"vertical-align: inherit;\"><span style=\"vertical-align: inherit;\">Gr\u00f6\u00dfen: <\/span><\/span><\/span><\/span><br \/>\n<span style=\"vertical-align: inherit;\"><span style=\"vertical-align: inherit;\"><span style=\"vertical-align: inherit;\"><span style=\"vertical-align: inherit;\">ca. <\/span><span style=\"vertical-align: inherit;\">50x20mm <\/span><\/span><\/span><\/span><br \/>\n<span style=\"vertical-align: inherit;\"><span style=\"vertical-align: inherit;\"><span style=\"vertical-align: inherit;\"><span style=\"vertical-align: inherit;\">ca. <\/span><span style=\"vertical-align: inherit;\">60x25mm <\/span><\/span><\/span><\/span><br \/>\n<span style=\"vertical-align: inherit;\"><span style=\"vertical-align: inherit;\"><span style=\"vertical-align: inherit;\"><span style=\"vertical-align: inherit;\">ca. <\/span><span style=\"vertical-align: inherit;\">75x30mm <\/span><\/span><\/span><\/span><br \/>\n<span style=\"vertical-align: inherit;\"><span style=\"vertical-align: inherit;\"><span style=\"vertical-align: inherit;\"><span style=\"vertical-align: inherit;\">ca. <\/span><span style=\"vertical-align: inherit;\">80 x 60 mm<\/span><\/span><\/span><\/span><\/p>\n<p><span style=\"vertical-align: inherit;\"><span style=\"vertical-align: inherit;\"><span style=\"vertical-align: inherit;\"><span style=\"vertical-align: inherit;\">Sie ben\u00f6tigen eine andere Schildgr\u00f6\u00dfe? <\/span><\/span><\/span><span style=\"vertical-align: inherit;\"><span style=\"vertical-align: inherit;\"><span style=\"vertical-align: inherit;\">Unter \u201eFrage zum Produkt\u201c k\u00f6nnen Sie Ihre Anfrage an uns senden. <\/span><\/span><\/span><span style=\"vertical-align: inherit;\"><span style=\"vertical-align: inherit;\"><span style=\"vertical-align: inherit;\">Sie erhalten dann ein entsprechendes Angebot f\u00fcr Ihre individuelle Schildergr\u00f6\u00dfe.<\/span><\/span><\/span><\/span><\/p>\n","protected":false},"excerpt":{"rendered":"<p>Gravierte Schilder, in den vier klassischen Formatgr\u00f6\u00dfen, passend f\u00fcr alle Marmor- und Kunststoffuntergr\u00fcnde. Graviert wird immer mittig \/ zentriert. Falls eine andere Aufteilung gew\u00fcnscht wird, geben Sie dies bitte zus\u00e4tzlich an. Material: Kunststoffschild Farbe: Gold, Silber, Bronze Gr\u00f6\u00dfen: ca. 50x20mm ca. 60x25mm ca. 75x30mm ca. 80 x 60 mm Sie&hellip;<\/p>\n","protected":false},"featured_media":5809,"comment_status":"open","ping_status":"closed","template":"","meta":{"spay_email":""},"product_cat":[16,51],"product_tag":[],"class_list":["post-5806","product","type-product","status-publish","has-post-thumbnail","hentry","product_cat-pokale","product_cat-zubehor","pa_color-gold","pa_color-silber","pa_color-bronze"],"_links":{"self":[{"href":"https:\/\/pokale.shop\/ps\/wp-json\/wp\/v2\/product\/5806","targetHints":{"allow":["GET"]}}],"collection":[{"href":"https:\/\/pokale.shop\/ps\/wp-json\/wp\/v2\/product"}],"about":[{"href":"https:\/\/pokale.shop\/ps\/wp-json\/wp\/v2\/types\/product"}],"replies":[{"embeddable":true,"href":"https:\/\/pokale.shop\/ps\/wp-json\/wp\/v2\/comments?post=5806"}],"wp:featuredmedia":[{"embeddable":true,"href":"https:\/\/pokale.shop\/ps\/wp-json\/wp\/v2\/media\/5809"}],"wp:attachment":[{"href":"https:\/\/pokale.shop\/ps\/wp-json\/wp\/v2\/media?parent=5806"}],"wp:term":[{"taxonomy":"product_cat","embeddable":true,"href":"https:\/\/pokale.shop\/ps\/wp-json\/wp\/v2\/product_cat?post=5806"},{"taxonomy":"product_tag","embeddable":true,"href":"https:\/\/pokale.shop\/ps\/wp-json\/wp\/v2\/product_tag?post=5806"}],"curies":[{"name":"wp","href":"https:\/\/api.w.org\/{rel}","templated":true}]}}