{"id":5838,"date":"2021-06-02T21:28:49","date_gmt":"2021-06-02T21:28:49","guid":{"rendered":"http:\/\/localhost\/import\/product\/emblemhalter-fur-pokaldeckel\/"},"modified":"2025-10-03T19:21:18","modified_gmt":"2025-10-03T19:21:18","slug":"emblemhalter-fur-pokaldeckel","status":"publish","type":"product","link":"https:\/\/pokale.shop\/ps\/product\/emblemhalter-fur-pokaldeckel\/","title":{"rendered":"Emblemhalter f\u00fcr Pokaldeckel"},"content":{"rendered":"<p><span style=\"vertical-align: inherit;\"><span style=\"vertical-align: inherit;\"><span style=\"vertical-align: inherit;\"><span style=\"vertical-align: inherit;\"><span style=\"vertical-align: inherit;\"><span style=\"vertical-align: inherit;\">Ersatzemblemhalter f\u00fcr Ihren Pokaldeckel, f\u00fcr Embleme 25mm und 50mm in den Farben Gold und Silber.<\/span><\/span><\/span><\/span><\/span><\/span><\/p>\n<p><span style=\"vertical-align: inherit;\"><span style=\"vertical-align: inherit;\"><span style=\"vertical-align: inherit;\"><span style=\"vertical-align: inherit;\"><span style=\"vertical-align: inherit;\"><span style=\"vertical-align: inherit;\">Lieferung komplett mit U-Scheibe und Mutter<\/span><\/span><\/span><\/span><\/span><\/span><\/p>\n<p><span style=\"vertical-align: inherit;\"><span style=\"vertical-align: inherit;\"><span style=\"vertical-align: inherit;\"><span style=\"vertical-align: inherit;\"><span style=\"vertical-align: inherit;\"><span style=\"vertical-align: inherit;\">Material: Kunststoff<\/span><\/span><\/span><\/span><\/span><\/span><\/p>\n<p><span style=\"vertical-align: inherit;\"><span style=\"vertical-align: inherit;\"><span style=\"vertical-align: inherit;\"><span style=\"vertical-align: inherit;\"><span style=\"vertical-align: inherit;\"><span style=\"vertical-align: inherit;\">Farbe: Gold und Silber<\/span><\/span><\/span><\/span><\/span><\/span><\/p>\n<p><span style=\"vertical-align: inherit;\"><span style=\"vertical-align: inherit;\"><span style=\"vertical-align: inherit;\"><span style=\"vertical-align: inherit;\"><span style=\"vertical-align: inherit;\"><span style=\"vertical-align: inherit;\">Gr\u00f6\u00dfe: f\u00fcr 25mm \/ 50mm Embleme<\/span><\/span><\/span><\/span><\/span><\/span><\/p>\n","protected":false},"excerpt":{"rendered":"<p>Ersatzemblemhalter f\u00fcr Ihren Pokaldeckel, f\u00fcr Embleme 25mm und 50mm in den Farben Gold und Silber. Lieferung komplett mit U-Scheibe und Mutter Material: Kunststoff Farbe: Gold und Silber Gr\u00f6\u00dfe: f\u00fcr 25mm \/ 50mm Embleme<\/p>\n","protected":false},"featured_media":5841,"comment_status":"open","ping_status":"closed","template":"","meta":{"spay_email":""},"product_cat":[16,51],"product_tag":[],"class_list":["post-5838","product","type-product","status-publish","has-post-thumbnail","hentry","product_cat-pokale","product_cat-zubehor","pa_color-gold","pa_color-silber"],"_links":{"self":[{"href":"https:\/\/pokale.shop\/ps\/wp-json\/wp\/v2\/product\/5838","targetHints":{"allow":["GET"]}}],"collection":[{"href":"https:\/\/pokale.shop\/ps\/wp-json\/wp\/v2\/product"}],"about":[{"href":"https:\/\/pokale.shop\/ps\/wp-json\/wp\/v2\/types\/product"}],"replies":[{"embeddable":true,"href":"https:\/\/pokale.shop\/ps\/wp-json\/wp\/v2\/comments?post=5838"}],"wp:featuredmedia":[{"embeddable":true,"href":"https:\/\/pokale.shop\/ps\/wp-json\/wp\/v2\/media\/5841"}],"wp:attachment":[{"href":"https:\/\/pokale.shop\/ps\/wp-json\/wp\/v2\/media?parent=5838"}],"wp:term":[{"taxonomy":"product_cat","embeddable":true,"href":"https:\/\/pokale.shop\/ps\/wp-json\/wp\/v2\/product_cat?post=5838"},{"taxonomy":"product_tag","embeddable":true,"href":"https:\/\/pokale.shop\/ps\/wp-json\/wp\/v2\/product_tag?post=5838"}],"curies":[{"name":"wp","href":"https:\/\/api.w.org\/{rel}","templated":true}]}}