{"id":5846,"date":"2021-06-02T21:28:54","date_gmt":"2021-06-02T21:28:54","guid":{"rendered":"http:\/\/localhost\/import\/product\/embleme-individuell-24-50mm\/"},"modified":"2024-05-30T11:27:45","modified_gmt":"2024-05-30T11:27:45","slug":"embleme-individuell-24-50mm","status":"publish","type":"product","link":"https:\/\/pokale.shop\/ps\/product\/embleme-individuell-24-50mm\/","title":{"rendered":"Embleme individuell f\u00fcr deine Pokale 24\/50mm"},"content":{"rendered":"<p>Individuelles Emblem in den Gr\u00f6\u00dfen 25mm und 50mm hier erh\u00e4ltlich. Senden Sie uns nach Ihrer Bestellung Ihr Logo mit Ihrer Bestellnummer. Wir fertigen dann Ihre Pokale mit ihrem Logo an.<\/p>\n","protected":false},"excerpt":{"rendered":"<p>Individuelles Emblem in den Gr\u00f6\u00dfen 25mm und 50mm hier erh\u00e4ltlich. Senden Sie uns nach Ihrer Bestellung Ihr Logo mit Ihrer Bestellnummer. Wir fertigen dann Ihre Pokale mit ihrem Logo an.<\/p>\n","protected":false},"featured_media":5850,"comment_status":"open","ping_status":"closed","template":"","meta":{"spay_email":""},"product_cat":[16,51],"product_tag":[],"class_list":["post-5846","product","type-product","status-publish","has-post-thumbnail","hentry","product_cat-pokale","product_cat-zubehor"],"_links":{"self":[{"href":"https:\/\/pokale.shop\/ps\/wp-json\/wp\/v2\/product\/5846","targetHints":{"allow":["GET"]}}],"collection":[{"href":"https:\/\/pokale.shop\/ps\/wp-json\/wp\/v2\/product"}],"about":[{"href":"https:\/\/pokale.shop\/ps\/wp-json\/wp\/v2\/types\/product"}],"replies":[{"embeddable":true,"href":"https:\/\/pokale.shop\/ps\/wp-json\/wp\/v2\/comments?post=5846"}],"wp:featuredmedia":[{"embeddable":true,"href":"https:\/\/pokale.shop\/ps\/wp-json\/wp\/v2\/media\/5850"}],"wp:attachment":[{"href":"https:\/\/pokale.shop\/ps\/wp-json\/wp\/v2\/media?parent=5846"}],"wp:term":[{"taxonomy":"product_cat","embeddable":true,"href":"https:\/\/pokale.shop\/ps\/wp-json\/wp\/v2\/product_cat?post=5846"},{"taxonomy":"product_tag","embeddable":true,"href":"https:\/\/pokale.shop\/ps\/wp-json\/wp\/v2\/product_tag?post=5846"}],"curies":[{"name":"wp","href":"https:\/\/api.w.org\/{rel}","templated":true}]}}