{"id":5858,"date":"2021-06-02T21:28:59","date_gmt":"2021-06-02T21:28:59","guid":{"rendered":"http:\/\/localhost\/import\/product\/pokale-koch-kochmutze-award-sternekoch\/"},"modified":"2021-09-18T08:43:33","modified_gmt":"2021-09-18T08:43:33","slug":"pokale-koch-kochmutze-award-sternekoch","status":"publish","type":"product","link":"https:\/\/pokale.shop\/ps\/product\/pokale-koch-kochmutze-award-sternekoch\/","title":{"rendered":"Pokale Koch Kochm\u00fctze Award Sternekoch"},"content":{"rendered":"<p>Ausdrucksstarker Koch Pokal &#8211; f\u00fcr alle Gl\u00fcckw\u00fcnsche, Danksagungen und Auszeichnungen, f\u00fcr die Spitzen K\u00f6che der Welt, bestens geeignet.<\/p>\n<p>Ob elegant, klassisch oder trendig &#8211; bei uns finden Sie f\u00fcr jedes Event den richtigen Pokal.<\/p>\n<p>Sie erhalten <b>einen Pokal<\/b> Gr\u00f6\u00dfe:<br \/>\nH\u00f6he: 13 cm \/ Breite: 12,5cm<\/p>\n<p>Material: Resin Kunstharz<\/p>\n<p>Selbstverst\u00e4ndlich ist im Preis bereits die Gravur enthalten.<br \/>\nGeben Sie hierzu einfach Ihren gew\u00fcnschten Gravurtext f\u00fcr Ihren Pokal in das Textfeld ein.<\/p>\n<p><b>Bitte beachten Sie &#8211; f\u00fcr das Gravurschild stehen Ihnen 3-4 Zeilen zur Verf\u00fcgung &#8211; pro Zeile max. 30 Zeichen inkl. Leerzeichen. <\/b><\/p>\n","protected":false},"excerpt":{"rendered":"<p>Ausdrucksstarker Koch Pokal &#8211; f\u00fcr alle Gl\u00fcckw\u00fcnsche, Danksagungen und Auszeichnungen, f\u00fcr die Spitzen K\u00f6che der Welt, bestens geeignet. Ob elegant, klassisch oder trendig &#8211; bei uns finden Sie f\u00fcr jedes Event den richtigen Pokal. Sie erhalten einen Pokal Gr\u00f6\u00dfe: H\u00f6he: 13 cm \/ Breite: 12,5cm Material: Resin Kunstharz Selbstverst\u00e4ndlich ist&hellip;<\/p>\n","protected":false},"featured_media":5859,"comment_status":"open","ping_status":"closed","template":"","meta":{"spay_email":""},"product_cat":[16,17,18,32,48],"product_tag":[],"class_list":["post-5858","product","type-product","status-publish","has-post-thumbnail","hentry","product_cat-pokale","product_cat-pokale-pokale","product_cat-einzelpokale","product_cat-themen-pokale","product_cat-sonstige-pokale"],"_links":{"self":[{"href":"https:\/\/pokale.shop\/ps\/wp-json\/wp\/v2\/product\/5858","targetHints":{"allow":["GET"]}}],"collection":[{"href":"https:\/\/pokale.shop\/ps\/wp-json\/wp\/v2\/product"}],"about":[{"href":"https:\/\/pokale.shop\/ps\/wp-json\/wp\/v2\/types\/product"}],"replies":[{"embeddable":true,"href":"https:\/\/pokale.shop\/ps\/wp-json\/wp\/v2\/comments?post=5858"}],"wp:featuredmedia":[{"embeddable":true,"href":"https:\/\/pokale.shop\/ps\/wp-json\/wp\/v2\/media\/5859"}],"wp:attachment":[{"href":"https:\/\/pokale.shop\/ps\/wp-json\/wp\/v2\/media?parent=5858"}],"wp:term":[{"taxonomy":"product_cat","embeddable":true,"href":"https:\/\/pokale.shop\/ps\/wp-json\/wp\/v2\/product_cat?post=5858"},{"taxonomy":"product_tag","embeddable":true,"href":"https:\/\/pokale.shop\/ps\/wp-json\/wp\/v2\/product_tag?post=5858"}],"curies":[{"name":"wp","href":"https:\/\/api.w.org\/{rel}","templated":true}]}}