{"id":5862,"date":"2021-06-02T21:29:01","date_gmt":"2021-06-02T21:29:01","guid":{"rendered":"http:\/\/localhost\/import\/product\/pokale-e-sports-gaming-controller\/"},"modified":"2021-09-14T16:13:37","modified_gmt":"2021-09-14T16:13:37","slug":"pokale-e-sports-gaming-controller","status":"publish","type":"product","link":"https:\/\/pokale.shop\/ps\/product\/pokale-e-sports-gaming-controller\/","title":{"rendered":"Pokale E Sports Gaming Controller"},"content":{"rendered":"<p>Ausdrucksstarker E Sports Gaming Pokal &#8211; coole Auszeichnung f\u00fcr alle E-Sport Fans.<\/p>\n<p>Ob elegant, klassisch oder trendig &#8211; bei uns finden Sie f\u00fcr jedes Event den richtigen Pokal.<\/p>\n<p>Sie erhalten\u00a0<b>einen Pokal<\/b>\u00a0Gr\u00f6\u00dfe:<br \/>\nH\u00f6he: 14 cm \/ Breite: 16cm<\/p>\n<p>Material: Resin Kunstharz<\/p>\n<p>Selbstverst\u00e4ndlich ist im Preis bereits die Gravur enthalten.<br \/>\nGeben Sie hierzu einfach Ihren gew\u00fcnschten Gravurtext f\u00fcr Ihren Pokal in das Textfeld ein.<\/p>\n<p><b>Bitte beachten Sie &#8211; f\u00fcr das Gravurschild stehen Ihnen 3-4 Zeilen zur Verf\u00fcgung &#8211; pro Zeile max. 30 Zeichen inkl. Leerzeichen.<\/b><\/p>\n","protected":false},"excerpt":{"rendered":"<p>Ausdrucksstarker E Sports Gaming Pokal &#8211; coole Auszeichnung f\u00fcr alle E-Sport Fans. Ob elegant, klassisch oder trendig &#8211; bei uns finden Sie f\u00fcr jedes Event den richtigen Pokal. Sie erhalten\u00a0einen Pokal\u00a0Gr\u00f6\u00dfe: H\u00f6he: 14 cm \/ Breite: 16cm Material: Resin Kunstharz Selbstverst\u00e4ndlich ist im Preis bereits die Gravur enthalten. Geben Sie&hellip;<\/p>\n","protected":false},"featured_media":5866,"comment_status":"open","ping_status":"closed","template":"","meta":{"spay_email":""},"product_cat":[16,17,18],"product_tag":[],"class_list":["post-5862","product","type-product","status-publish","has-post-thumbnail","hentry","product_cat-pokale","product_cat-pokale-pokale","product_cat-einzelpokale"],"_links":{"self":[{"href":"https:\/\/pokale.shop\/ps\/wp-json\/wp\/v2\/product\/5862","targetHints":{"allow":["GET"]}}],"collection":[{"href":"https:\/\/pokale.shop\/ps\/wp-json\/wp\/v2\/product"}],"about":[{"href":"https:\/\/pokale.shop\/ps\/wp-json\/wp\/v2\/types\/product"}],"replies":[{"embeddable":true,"href":"https:\/\/pokale.shop\/ps\/wp-json\/wp\/v2\/comments?post=5862"}],"wp:featuredmedia":[{"embeddable":true,"href":"https:\/\/pokale.shop\/ps\/wp-json\/wp\/v2\/media\/5866"}],"wp:attachment":[{"href":"https:\/\/pokale.shop\/ps\/wp-json\/wp\/v2\/media?parent=5862"}],"wp:term":[{"taxonomy":"product_cat","embeddable":true,"href":"https:\/\/pokale.shop\/ps\/wp-json\/wp\/v2\/product_cat?post=5862"},{"taxonomy":"product_tag","embeddable":true,"href":"https:\/\/pokale.shop\/ps\/wp-json\/wp\/v2\/product_tag?post=5862"}],"curies":[{"name":"wp","href":"https:\/\/api.w.org\/{rel}","templated":true}]}}