{"id":5901,"date":"2021-06-02T21:29:33","date_gmt":"2021-06-02T21:29:33","guid":{"rendered":"http:\/\/localhost\/import\/product\/gaming-gamer-esport-zocker-pokale-award-rainbow\/"},"modified":"2023-10-02T14:33:10","modified_gmt":"2023-10-02T14:33:10","slug":"gaming-gamer-esport-zocker-pokale-award-rainbow","status":"publish","type":"product","link":"https:\/\/pokale.shop\/ps\/product\/gaming-gamer-esport-zocker-pokale-award-rainbow\/","title":{"rendered":"Gaming Gamer Esport Zocker Pokale AWARD Rainbow"},"content":{"rendered":"<p><strong>Der AWARD Rainbow &#8211; Ihre Eintrittskarte zur Welt der besonderen Auszeichnungen<\/strong><\/p>\n<p>In der Welt des Gaming Esports sind au\u00dfergew\u00f6hnliche Leistungen und gro\u00dfe Erfolge keine Seltenheit. Doch wie k\u00f6nnen Sie diese besonderen Momente geb\u00fchrend w\u00fcrdigen? Der AWARD Rainbow ist die Antwort.<\/p>\n<p><strong>Ihre Auszeichnung, Ihr Stil, Ihre Individualit\u00e4t<\/strong><\/p>\n<p>Der AWARD Rainbow verleiht Ihrer Preisverleihung ein unverwechselbares Gesicht. Er ist nicht nur ein Symbol f\u00fcr Spitzenleistungen, sondern auch ein Blickfang, der Aufmerksamkeit generiert.<\/p>\n<p><strong>Ein Meisterwerk aus unserem Hause, nur f\u00fcr Sie<\/strong><\/p>\n<p>Unser AWARD Rainbow wird individuell in unserem Hause f\u00fcr Sie hergestellt. Wir verstehen, dass Ihre Auszeichnung einzigartig sein muss, daher bieten wir Ihnen die M\u00f6glichkeit, bis zu 5 Zeilen Text mit je etwa 30 Zeichen pro Zeile (einschlie\u00dflich Leerzeichen) hinzuzuf\u00fcgen. Wir orientieren uns dabei an den Bildern, um eine optimale Aufteilung zu gew\u00e4hrleisten.<\/p>\n<p style=\"border: 1px solid gray; padding: 1em;\"><b> HINWEIS:<\/b><\/p>\n<p>1. Standardm\u00e4\u00dfig wird oben rechts wie im Bild zu sehen die jeweilige Jahreszahl (=Verkaufsjahr) mit gedruckt. W\u00fcnschen Sie dieses nicht, so teilen Sie uns dies zusammen mit Ihrem Gravurtext mit.<\/p>\n<p>2. Das Logo auf unserem Gravurschild Beispiel wird standardm\u00e4\u00dfig <b>nicht<\/b> mit graviert. Es dient lediglich nur zur Veranschaulichung. Sollten Sie es dennoch w\u00fcnschen, z.B. Sie haben kein eigenes Logo, dann teilen Sie uns dies ebenfalls einfach zusammen mit Ihrem Gravurtext mit.<\/p>\n<p>LOGO ANFORDERUNG<\/p>\n<p>W\u00fcnschen Sie zus\u00e4tzlich Ihr Logo auf dem Gravurschild, so senden Sie uns dieses zusammen mit Ihrer Bestellnummer die Sie nach dem Kauf automatisch erhalten = Bestellbest\u00e4tigung.<\/p>\n<p>DATENFORMAT &#8211; senden Sie uns nur EINFARBIGE .cdr, pdf oder .eps Dateien im VEKTORFORMAT &#8211; .jpg, .gif .png k\u00f6nnen nicht verarbeitet werden ! Auch Bilder in den gew\u00fcnschten Datenformaten abgespeichert sind keine Vektordateien und k\u00f6nnen nicht verarbeitet werden.<\/p>\n<p><strong>Ihr Kontakt zu uns<\/strong><\/p>\n<p>Sollten Sie Fragen zur Verarbeitung des Produkts haben oder weitere Informationen ben\u00f6tigen, z\u00f6gern Sie nicht, uns telefonisch oder per E-Mail zu kontaktieren. Wir stehen Ihnen gerne zur Verf\u00fcgung.<\/p>\n<p>Mit dem AWARD Rainbow schaffen Sie einzigartige Erinnerungen und belohnen au\u00dfergew\u00f6hnliche Leistungen im Gaming Esport. Bestellen Sie noch heute und lassen Sie uns gemeinsam Ihre individuelle Auszeichnung gestalten.<\/p>\n","protected":false},"excerpt":{"rendered":"<p>Der AWARD Rainbow &#8211; Ihre Eintrittskarte zur Welt der besonderen Auszeichnungen In der Welt des Gaming Esports sind au\u00dfergew\u00f6hnliche Leistungen und gro\u00dfe Erfolge keine Seltenheit. Doch wie k\u00f6nnen Sie diese besonderen Momente geb\u00fchrend w\u00fcrdigen? Der AWARD Rainbow ist die Antwort. Ihre Auszeichnung, Ihr Stil, Ihre Individualit\u00e4t Der AWARD Rainbow verleiht&hellip;<\/p>\n","protected":false},"featured_media":5904,"comment_status":"open","ping_status":"closed","template":"","meta":{"spay_email":""},"product_cat":[52,54],"product_tag":[],"class_list":["post-5901","product","type-product","status-publish","has-post-thumbnail","hentry","product_cat-awards","product_cat-acryl-holz-alu-pokale"],"_links":{"self":[{"href":"https:\/\/pokale.shop\/ps\/wp-json\/wp\/v2\/product\/5901","targetHints":{"allow":["GET"]}}],"collection":[{"href":"https:\/\/pokale.shop\/ps\/wp-json\/wp\/v2\/product"}],"about":[{"href":"https:\/\/pokale.shop\/ps\/wp-json\/wp\/v2\/types\/product"}],"replies":[{"embeddable":true,"href":"https:\/\/pokale.shop\/ps\/wp-json\/wp\/v2\/comments?post=5901"}],"wp:featuredmedia":[{"embeddable":true,"href":"https:\/\/pokale.shop\/ps\/wp-json\/wp\/v2\/media\/5904"}],"wp:attachment":[{"href":"https:\/\/pokale.shop\/ps\/wp-json\/wp\/v2\/media?parent=5901"}],"wp:term":[{"taxonomy":"product_cat","embeddable":true,"href":"https:\/\/pokale.shop\/ps\/wp-json\/wp\/v2\/product_cat?post=5901"},{"taxonomy":"product_tag","embeddable":true,"href":"https:\/\/pokale.shop\/ps\/wp-json\/wp\/v2\/product_tag?post=5901"}],"curies":[{"name":"wp","href":"https:\/\/api.w.org\/{rel}","templated":true}]}}