{"id":5908,"date":"2021-06-02T21:29:39","date_gmt":"2021-06-02T21:29:39","guid":{"rendered":"http:\/\/localhost\/import\/product\/tischkicker-kicker-pokale-award-rainbow\/"},"modified":"2022-02-08T14:07:29","modified_gmt":"2022-02-08T14:07:29","slug":"tischkicker-kicker-pokale-award-rainbow","status":"publish","type":"product","link":"https:\/\/pokale.shop\/ps\/product\/tischkicker-kicker-pokale-award-rainbow\/","title":{"rendered":"Tischkicker Kicker Pokale AWARD Rainbow"},"content":{"rendered":"<p>Eine ideale Auszeichnung f\u00fcr ganz besondere Gewinner, Leistungen und f\u00fcr gro\u00dfe Erfolge im Tischkicker.<\/p>\n<p>Mit diesem Award geben Sie Ihrer Preisverleihung ein unverwechselbares Gesicht und generieren Aufmerksamkeit!<\/p>\n<p>Sie erhalten hier unsere ganz besondere Auszeichnung &#8211; AWARD &#8211; R A I N B O W &#8211; direkt aus unserem Hause f\u00fcr Sie individuell hergestellt.<\/p>\n<p>Info zur Lasergravur mit TEXT und LOGO<\/p>\n<p>Ihr Pokal soll einzigartig und individuell werden. Das machen wir auch. Ihnen stehen maximal 5 Zeilen mit je ca. 30 Zeichen je Zeile inklusive Leerzeichen zur Verf\u00fcgung. Diese Angabe dient als Orientierung f\u00fcr eine optimale Aufteilung. Standardm\u00e4\u00dfig verteilen wir Ihren Text so auf wie auf den Bildern.<\/p>\n<p style=\"border: 1px solid gray; padding: 1em;\"><b> HINWEIS:<\/b><\/p>\n<p>1. Standardm\u00e4\u00dfig wird oben rechts wie im Bild zu sehen die jeweilige Jahreszahl (=Verkaufsjahr) mit gedruckt. W\u00fcnschen Sie dieses nicht, so teilen Sie uns dies zusammen mit Ihrem Gravurtext mit.<\/p>\n<p>2. Das Logo auf unserem Gravurschild Beispiel wird standardm\u00e4\u00dfig <b>nicht<\/b> mit graviert. Es dient lediglich nur zur Veranschaulichung. Sollten Sie es dennoch w\u00fcnschen, z.B. Sie haben kein eigenes Logo, dann teilen Sie uns dies ebenfalls einfach zusammen mit Ihrem Gravurtext mit.<\/p>\n<p>LOGO ANFORDERUNG<\/p>\n<p>W\u00fcnschen Sie zus\u00e4tzlich Ihr Logo auf dem Gravurschild, so senden Sie uns dieses zusammen mit Ihrer Bestellnummer die Sie nach dem Kauf automatisch erhalten = Bestellbest\u00e4tigung.<\/p>\n<p>DATENFORMAT &#8211; senden Sie uns nur EINFARBIGE .cdr, pdf oder .eps Dateien im VEKTORFORMAT &#8211; .jpg, .gif .png k\u00f6nnen nicht verarbeitet werden ! Auch Bilder in den gew\u00fcnschten Datenformaten abgespeichert sind keine Vektordateien und k\u00f6nnen nicht verarbeitet werden.<\/p>\n<p>Sollten Sie Fragen zur Verarbeitung des Produktes haben, so kontaktieren Sie uns einfach telefonisch oder per Mail.<\/p>\n","protected":false},"excerpt":{"rendered":"<p>Eine ideale Auszeichnung f\u00fcr ganz besondere Gewinner, Leistungen und f\u00fcr gro\u00dfe Erfolge im Tischkicker. Mit diesem Award geben Sie Ihrer Preisverleihung ein unverwechselbares Gesicht und generieren Aufmerksamkeit! Sie erhalten hier unsere ganz besondere Auszeichnung &#8211; AWARD &#8211; R A I N B O W &#8211; direkt aus unserem Hause f\u00fcr&hellip;<\/p>\n","protected":false},"featured_media":5909,"comment_status":"open","ping_status":"closed","template":"","meta":{"spay_email":""},"product_cat":[52,54],"product_tag":[],"class_list":["post-5908","product","type-product","status-publish","has-post-thumbnail","hentry","product_cat-awards","product_cat-acryl-holz-alu-pokale"],"_links":{"self":[{"href":"https:\/\/pokale.shop\/ps\/wp-json\/wp\/v2\/product\/5908","targetHints":{"allow":["GET"]}}],"collection":[{"href":"https:\/\/pokale.shop\/ps\/wp-json\/wp\/v2\/product"}],"about":[{"href":"https:\/\/pokale.shop\/ps\/wp-json\/wp\/v2\/types\/product"}],"replies":[{"embeddable":true,"href":"https:\/\/pokale.shop\/ps\/wp-json\/wp\/v2\/comments?post=5908"}],"wp:featuredmedia":[{"embeddable":true,"href":"https:\/\/pokale.shop\/ps\/wp-json\/wp\/v2\/media\/5909"}],"wp:attachment":[{"href":"https:\/\/pokale.shop\/ps\/wp-json\/wp\/v2\/media?parent=5908"}],"wp:term":[{"taxonomy":"product_cat","embeddable":true,"href":"https:\/\/pokale.shop\/ps\/wp-json\/wp\/v2\/product_cat?post=5908"},{"taxonomy":"product_tag","embeddable":true,"href":"https:\/\/pokale.shop\/ps\/wp-json\/wp\/v2\/product_tag?post=5908"}],"curies":[{"name":"wp","href":"https:\/\/api.w.org\/{rel}","templated":true}]}}