{"id":5963,"date":"2021-06-02T21:30:40","date_gmt":"2021-06-02T21:30:40","guid":{"rendered":"http:\/\/localhost\/import\/product\/award-gaming-gamer-esport-zocker-pokale\/"},"modified":"2025-05-31T12:34:29","modified_gmt":"2025-05-31T12:34:29","slug":"award-gaming-gamer-esport-zocker-pokale","status":"publish","type":"product","link":"https:\/\/pokale.shop\/ps\/product\/award-gaming-gamer-esport-zocker-pokale\/","title":{"rendered":"AWARD Gaming Gamer Esport Zocker Pokale"},"content":{"rendered":"<p>Eine TOP Auszeichnung f\u00fcr ganz besondere Gewinner, Leistungen und f\u00fcr gro\u00dfe Erfolge im Gaming ESport.<\/p>\n<p>Mit diesem Award geben Sie Ihrer Preisverleihung ein unverwechselbares Gesicht und generieren Aufmerksamkeit!<\/p>\n<p>Nat\u00fcrlich auch zum Geburtstag ein ideales TOP Geschenk.<\/p>\n<p>Sie erhalten hier unseren ganz besonderen Auszeichnung &#8211; GAMING CONTROLLER AWARD &#8211; direkt aus unserem Hause f\u00fcr Sie individuell hergestellt.<\/p>\n<p>GAMER ESPORT &#8211; AWARD<\/p>\n<p>Sie k\u00f6nnen aus drei verschiedenen Gr\u00f6\u00dfen w\u00e4hlen<br \/>\n13cm x 7cm<br \/>\n25cm x 14cm<br \/>\n40cm x 22cm<\/p>\n<p>Material: Holz<\/p>\n<p>Info zur Gravur<\/p>\n<p>Selbstverst\u00e4ndlich ist im Preis bereits die Gravur enthalten.<\/p>\n<p>Bitte beachten Sie &#8211; f\u00fcr das Gravurschild stehen Ihnen 3-4 Zeilen zur Verf\u00fcgung &#8211; pro Zeile max. 30 Zeichen inkl. Leerzeichen. Es k\u00f6nnen auch gern mehr sein. Diese Angabe gilt nur als Richtwert f\u00fcr eine sch\u00f6ne Aufteilung.<\/p>\n<p>Sollten Sie Fragen zur Verarbeitung des Produktes haben, so kontaktieren Sie uns einfach telefonisch oder per Mail.<\/p>\n","protected":false},"excerpt":{"rendered":"<p>Eine TOP Auszeichnung f\u00fcr ganz besondere Gewinner, Leistungen und f\u00fcr gro\u00dfe Erfolge im Gaming ESport. Mit diesem Award geben Sie Ihrer Preisverleihung ein unverwechselbares Gesicht und generieren Aufmerksamkeit! Nat\u00fcrlich auch zum Geburtstag ein ideales TOP Geschenk. Sie erhalten hier unseren ganz besonderen Auszeichnung &#8211; GAMING CONTROLLER AWARD &#8211; direkt aus&hellip;<\/p>\n","protected":false},"featured_media":5966,"comment_status":"open","ping_status":"closed","template":"","meta":{"spay_email":""},"product_cat":[52,54],"product_tag":[],"class_list":["post-5963","product","type-product","status-publish","has-post-thumbnail","hentry","product_cat-awards","product_cat-acryl-holz-alu-pokale"],"_links":{"self":[{"href":"https:\/\/pokale.shop\/ps\/wp-json\/wp\/v2\/product\/5963","targetHints":{"allow":["GET"]}}],"collection":[{"href":"https:\/\/pokale.shop\/ps\/wp-json\/wp\/v2\/product"}],"about":[{"href":"https:\/\/pokale.shop\/ps\/wp-json\/wp\/v2\/types\/product"}],"replies":[{"embeddable":true,"href":"https:\/\/pokale.shop\/ps\/wp-json\/wp\/v2\/comments?post=5963"}],"wp:featuredmedia":[{"embeddable":true,"href":"https:\/\/pokale.shop\/ps\/wp-json\/wp\/v2\/media\/5966"}],"wp:attachment":[{"href":"https:\/\/pokale.shop\/ps\/wp-json\/wp\/v2\/media?parent=5963"}],"wp:term":[{"taxonomy":"product_cat","embeddable":true,"href":"https:\/\/pokale.shop\/ps\/wp-json\/wp\/v2\/product_cat?post=5963"},{"taxonomy":"product_tag","embeddable":true,"href":"https:\/\/pokale.shop\/ps\/wp-json\/wp\/v2\/product_tag?post=5963"}],"curies":[{"name":"wp","href":"https:\/\/api.w.org\/{rel}","templated":true}]}}