{"id":5979,"date":"2021-06-02T21:30:52","date_gmt":"2021-06-02T21:30:52","guid":{"rendered":"http:\/\/localhost\/import\/product\/feuerwehr-pokale-award-ehrenpreis-trophae-jubilaum-geschenke\/"},"modified":"2026-04-15T18:26:45","modified_gmt":"2026-04-15T18:26:45","slug":"feuerwehr-pokale-award-ehrenpreis-trophae-jubilaum-geschenke","status":"publish","type":"product","link":"https:\/\/pokale.shop\/ps\/product\/feuerwehr-pokale-award-ehrenpreis-trophae-jubilaum-geschenke\/","title":{"rendered":"Feuerwehr Pokale AWARD Ehrenpreis Troph\u00e4e Jubil\u00e4um Geschenke"},"content":{"rendered":"<p>Sensationelle Pokalserie im exclusiven Design. Eine TOP Auszeichnung f\u00fcr ganz besondere Gewinner, Leistungen und f\u00fcr die ganz gro\u00dfen Erfolge bei der Feuerwehr.<\/p>\n<p>Mit diesem Pokal Award geben Sie Ihrer Preisverleihung ein unverwechselbares Gesicht und generieren Aufmerksamkeit!<\/p>\n<p>Nat\u00fcrlich auch zum Geburtstag ein ideales Geschenk.<\/p>\n<p>Sie erhalten hier unseren ganz besonderen Auszeichnung &#8211; FEUERWEHR AWARD &#8211; direkt in unserem Hause f\u00fcr Sie individuell hergestellt.<\/p>\n<p>Ihr k\u00f6nnt aus drei verschiedenen Gr\u00f6\u00dfen w\u00e4hlen<br \/>\nH\u00f6he 31cm x Breite 23cm<br \/>\nH\u00f6he 35cm x Breite 28cm<br \/>\nH\u00f6he 39cm x Breite 32cm<\/p>\n<p>Material: Holz<\/p>\n<p>Info zur Gravur<\/p>\n<p>Selbstverst\u00e4ndlich ist im Preis bereits die Gravur enthalten.<\/p>\n<p>Bitte beachten Sie &#8211; f\u00fcr das Gravurschild stehen Ihnen 3-4 Zeilen zur Verf\u00fcgung &#8211; pro Zeile max. 30 Zeichen inkl. Leerzeichen. Es k\u00f6nnen auch gern mehr sein. Diese Angabe gilt nur als Richtwert f\u00fcr eine sch\u00f6ne Aufteilung.<\/p>\n","protected":false},"excerpt":{"rendered":"<p>Sensationelle Pokalserie im exclusiven Design. Eine TOP Auszeichnung f\u00fcr ganz besondere Gewinner, Leistungen und f\u00fcr die ganz gro\u00dfen Erfolge bei der Feuerwehr. Mit diesem Pokal Award geben Sie Ihrer Preisverleihung ein unverwechselbares Gesicht und generieren Aufmerksamkeit! Nat\u00fcrlich auch zum Geburtstag ein ideales Geschenk. Sie erhalten hier unseren ganz besonderen Auszeichnung&hellip;<\/p>\n","protected":false},"featured_media":5982,"comment_status":"open","ping_status":"closed","template":"","meta":{"spay_email":""},"product_cat":[16,32,39,52,54],"product_tag":[],"class_list":["post-5979","product","type-product","status-publish","has-post-thumbnail","hentry","product_cat-pokale","product_cat-themen-pokale","product_cat-feuerwehr-pokale","product_cat-awards","product_cat-acryl-holz-alu-pokale"],"_links":{"self":[{"href":"https:\/\/pokale.shop\/ps\/wp-json\/wp\/v2\/product\/5979","targetHints":{"allow":["GET"]}}],"collection":[{"href":"https:\/\/pokale.shop\/ps\/wp-json\/wp\/v2\/product"}],"about":[{"href":"https:\/\/pokale.shop\/ps\/wp-json\/wp\/v2\/types\/product"}],"replies":[{"embeddable":true,"href":"https:\/\/pokale.shop\/ps\/wp-json\/wp\/v2\/comments?post=5979"}],"wp:featuredmedia":[{"embeddable":true,"href":"https:\/\/pokale.shop\/ps\/wp-json\/wp\/v2\/media\/5982"}],"wp:attachment":[{"href":"https:\/\/pokale.shop\/ps\/wp-json\/wp\/v2\/media?parent=5979"}],"wp:term":[{"taxonomy":"product_cat","embeddable":true,"href":"https:\/\/pokale.shop\/ps\/wp-json\/wp\/v2\/product_cat?post=5979"},{"taxonomy":"product_tag","embeddable":true,"href":"https:\/\/pokale.shop\/ps\/wp-json\/wp\/v2\/product_tag?post=5979"}],"curies":[{"name":"wp","href":"https:\/\/api.w.org\/{rel}","templated":true}]}}