{"id":5987,"date":"2021-06-02T21:30:59","date_gmt":"2021-06-02T21:30:59","guid":{"rendered":"http:\/\/localhost\/import\/product\/radsport-pokale-kranz-kette\/"},"modified":"2025-11-06T14:27:48","modified_gmt":"2025-11-06T14:27:48","slug":"radsport-pokale-kranz-kette","status":"publish","type":"product","link":"https:\/\/pokale.shop\/ps\/product\/radsport-pokale-kranz-kette\/","title":{"rendered":"RADSPORT Pokale Radkranz + Kette"},"content":{"rendered":"<p>Eine TOP Auszeichnung f\u00fcr ganz besondere Gewinner, Leistungen und f\u00fcr gro\u00dfe Erfolge im Radsport.<\/p>\n<p>Mit diesem Radsport Pokal Award geben Sie Ihrer Preisverleihung ein unverwechselbares Gesicht und generieren Aufmerksamkeit!<\/p>\n<p>Nat\u00fcrlich auch zum Geburtstag ein ideales Geschenk f\u00fcr jeden Radsport Fan.<\/p>\n<p>Diese &#8211; RADSPORT AWARD &#8211; Serie wird\u00a0<b>direkt in unserem Hause<\/b>\u00a0produziert.<\/p>\n<p>Ihr k\u00f6nnt aus drei verschiedenen Gr\u00f6\u00dfen w\u00e4hlen<\/p>\n<p>24cm x 19cm<br \/>\n27cm x 23cm<br \/>\n34cm x 32cm<\/p>\n<p>Farben: gold \/silber \/ bronze<br \/>\nGern auch auf Anfrage in DEINEN Vereinsfarben m\u00f6glich.<\/p>\n<p>Material: Holz<\/p>\n<p>Info zur Gravur<\/p>\n<p>Selbstverst\u00e4ndlich ist im Preis bereits die Gravur enthalten.<\/p>\n<p>Bitte beachten Sie &#8211; f\u00fcr das Gravurschild stehen Ihnen 3-4 Zeilen zur Verf\u00fcgung &#8211; pro Zeile max. 30 Zeichen inkl. Leerzeichen.<br \/>\nEs k\u00f6nnen auch gern mehr sein. Diese Angabe gilt nur als Richtwert f\u00fcr eine sch\u00f6ne Aufteilung.<\/p>\n","protected":false},"excerpt":{"rendered":"<p>Eine TOP Auszeichnung f\u00fcr ganz besondere Gewinner, Leistungen und f\u00fcr gro\u00dfe Erfolge im Radsport. Mit diesem Radsport Pokal Award geben Sie Ihrer Preisverleihung ein unverwechselbares Gesicht und generieren Aufmerksamkeit! Nat\u00fcrlich auch zum Geburtstag ein ideales Geschenk f\u00fcr jeden Radsport Fan. Diese &#8211; RADSPORT AWARD &#8211; Serie wird\u00a0direkt in unserem Hause\u00a0produziert.&hellip;<\/p>\n","protected":false},"featured_media":5990,"comment_status":"open","ping_status":"closed","template":"","meta":{"spay_email":""},"product_cat":[16,32,43,52,54],"product_tag":[],"class_list":["post-5987","product","type-product","status-publish","has-post-thumbnail","hentry","product_cat-pokale","product_cat-themen-pokale","product_cat-radsport-pokale","product_cat-awards","product_cat-acryl-holz-alu-pokale","pa_color-gold","pa_color-silber","pa_color-bronze"],"_links":{"self":[{"href":"https:\/\/pokale.shop\/ps\/wp-json\/wp\/v2\/product\/5987","targetHints":{"allow":["GET"]}}],"collection":[{"href":"https:\/\/pokale.shop\/ps\/wp-json\/wp\/v2\/product"}],"about":[{"href":"https:\/\/pokale.shop\/ps\/wp-json\/wp\/v2\/types\/product"}],"replies":[{"embeddable":true,"href":"https:\/\/pokale.shop\/ps\/wp-json\/wp\/v2\/comments?post=5987"}],"wp:featuredmedia":[{"embeddable":true,"href":"https:\/\/pokale.shop\/ps\/wp-json\/wp\/v2\/media\/5990"}],"wp:attachment":[{"href":"https:\/\/pokale.shop\/ps\/wp-json\/wp\/v2\/media?parent=5987"}],"wp:term":[{"taxonomy":"product_cat","embeddable":true,"href":"https:\/\/pokale.shop\/ps\/wp-json\/wp\/v2\/product_cat?post=5987"},{"taxonomy":"product_tag","embeddable":true,"href":"https:\/\/pokale.shop\/ps\/wp-json\/wp\/v2\/product_tag?post=5987"}],"curies":[{"name":"wp","href":"https:\/\/api.w.org\/{rel}","templated":true}]}}