{"id":6015,"date":"2021-06-02T21:31:12","date_gmt":"2021-06-02T21:31:12","guid":{"rendered":"http:\/\/localhost\/import\/product\/radsport-pokale-mountain\/"},"modified":"2021-06-23T12:31:24","modified_gmt":"2021-06-23T12:31:24","slug":"radsport-pokale-mountain","status":"publish","type":"product","link":"https:\/\/pokale.shop\/ps\/product\/radsport-pokale-mountain\/","title":{"rendered":"RADSPORT Pokale Mountain"},"content":{"rendered":"<p>Eine TOP Auszeichnung f\u00fcr ganz besondere Gewinner, Leistungen und f\u00fcr gro\u00dfe Erfolge im Radsport.<\/p>\n<p>Mit diesem Radsport Pokal Award geben Sie Ihrer Preisverleihung ein unverwechselbares Gesicht und generieren Aufmerksamkeit!<\/p>\n<p>Nat\u00fcrlich auch zum Geburtstag ein ideales Geschenk f\u00fcr jeden Radsport Fan.<\/p>\n<p>Diese &#8211; RADSPORT AWARD &#8211; Serie wird <b>direkt in unserem Hause<\/b> produziert.<\/p>\n<p>Ihr k\u00f6nnt aus drei verschiedenen Gr\u00f6\u00dfen w\u00e4hlen<\/p>\n<p>28cm x 21cm<br \/>\n30cm x 23cm<br \/>\n39cm x 32cm<\/p>\n<p>&nbsp;<\/p>\n<p>Material: Holz<\/p>\n<p>Info zur Gravur<\/p>\n<p>Selbstverst\u00e4ndlich ist im Preis bereits die Gravur enthalten.<\/p>\n<p>Bitte beachten Sie &#8211; f\u00fcr das Gravurschild stehen Ihnen 3-4 Zeilen zur Verf\u00fcgung &#8211; pro Zeile max. 30 Zeichen inkl. Leerzeichen.<br \/>\nEs k\u00f6nnen auch gern mehr sein. Diese Angabe gilt nur als Richtwert f\u00fcr eine sch\u00f6ne Aufteilung.<\/p>\n","protected":false},"excerpt":{"rendered":"<p>Eine TOP Auszeichnung f\u00fcr ganz besondere Gewinner, Leistungen und f\u00fcr gro\u00dfe Erfolge im Radsport. Mit diesem Radsport Pokal Award geben Sie Ihrer Preisverleihung ein unverwechselbares Gesicht und generieren Aufmerksamkeit! Nat\u00fcrlich auch zum Geburtstag ein ideales Geschenk f\u00fcr jeden Radsport Fan. Diese &#8211; RADSPORT AWARD &#8211; Serie wird direkt in unserem&hellip;<\/p>\n","protected":false},"featured_media":6018,"comment_status":"open","ping_status":"closed","template":"","meta":{"spay_email":""},"product_cat":[16,32,43,52,54],"product_tag":[],"class_list":["post-6015","product","type-product","status-publish","has-post-thumbnail","hentry","product_cat-pokale","product_cat-themen-pokale","product_cat-radsport-pokale","product_cat-awards","product_cat-acryl-holz-alu-pokale"],"_links":{"self":[{"href":"https:\/\/pokale.shop\/ps\/wp-json\/wp\/v2\/product\/6015","targetHints":{"allow":["GET"]}}],"collection":[{"href":"https:\/\/pokale.shop\/ps\/wp-json\/wp\/v2\/product"}],"about":[{"href":"https:\/\/pokale.shop\/ps\/wp-json\/wp\/v2\/types\/product"}],"replies":[{"embeddable":true,"href":"https:\/\/pokale.shop\/ps\/wp-json\/wp\/v2\/comments?post=6015"}],"wp:featuredmedia":[{"embeddable":true,"href":"https:\/\/pokale.shop\/ps\/wp-json\/wp\/v2\/media\/6018"}],"wp:attachment":[{"href":"https:\/\/pokale.shop\/ps\/wp-json\/wp\/v2\/media?parent=6015"}],"wp:term":[{"taxonomy":"product_cat","embeddable":true,"href":"https:\/\/pokale.shop\/ps\/wp-json\/wp\/v2\/product_cat?post=6015"},{"taxonomy":"product_tag","embeddable":true,"href":"https:\/\/pokale.shop\/ps\/wp-json\/wp\/v2\/product_tag?post=6015"}],"curies":[{"name":"wp","href":"https:\/\/api.w.org\/{rel}","templated":true}]}}