{"id":6037,"date":"2021-06-02T21:31:24","date_gmt":"2021-06-02T21:31:24","guid":{"rendered":"http:\/\/localhost\/import\/product\/fussball-pokale-award-ehrenpreis-trainergeschenk\/"},"modified":"2024-11-06T13:56:34","modified_gmt":"2024-11-06T13:56:34","slug":"fussball-pokale-award-ehrenpreis-trainergeschenk","status":"publish","type":"product","link":"https:\/\/pokale.shop\/ps\/product\/fussball-pokale-award-ehrenpreis-trainergeschenk\/","title":{"rendered":"Fussball Pokale AWARD Ehrenpreis Trainergeschenk"},"content":{"rendered":"<p>Ein Fussball Award im exclusiven Design. Eine TOP Auszeichnung f\u00fcr ganz besondere Gewinner, Leistungen und f\u00fcr die ganz gro\u00dfen Erfolge im Fussballsport.<\/p>\n<p>Mit diesem Pokal Award geben Sie Ihrer Preisverleihung ein unverwechselbares Gesicht und generieren Aufmerksamkeit!<\/p>\n<p>Eine sch\u00f6ne Auszeichnung f\u00fcr den Trainer, f\u00fcr Funktion\u00e4re, zum Vereinsjubil\u00e4um oder f\u00fcr die besten Torsch\u00fctzen(in), Spieler(in) und Torh\u00fcter(innen).<br \/>\nDieser Fussball AWARD wird direkt in unserem Hause f\u00fcr Sie individuell hergestellt.<\/p>\n<p>H\u00f6he 42cm x Breite 19cm<\/p>\n<p>Material: Holz<br \/>\nFarbe: blau silber oder rot-silber<\/p>\n<p>Info zur Gravur<\/p>\n<p>Selbstverst\u00e4ndlich ist im Preis bereits die Gravur enthalten.<\/p>\n<p>Bitte beachten Sie &#8211; f\u00fcr das Gravurschild stehen Ihnen 3-4 Zeilen zur Verf\u00fcgung &#8211; pro Zeile max. 30 Zeichen inkl. Leerzeichen.<br \/>\nEs k\u00f6nnen auch gern mehr sein. Diese Angabe gilt nur als Richtwert f\u00fcr eine sch\u00f6ne Aufteilung.<\/p>\n","protected":false},"excerpt":{"rendered":"<p>Ein Fussball Award im exclusiven Design. Eine TOP Auszeichnung f\u00fcr ganz besondere Gewinner, Leistungen und f\u00fcr die ganz gro\u00dfen Erfolge im Fussballsport. Mit diesem Pokal Award geben Sie Ihrer Preisverleihung ein unverwechselbares Gesicht und generieren Aufmerksamkeit! Eine sch\u00f6ne Auszeichnung f\u00fcr den Trainer, f\u00fcr Funktion\u00e4re, zum Vereinsjubil\u00e4um oder f\u00fcr die besten&hellip;<\/p>\n","protected":false},"featured_media":6041,"comment_status":"open","ping_status":"closed","template":"","meta":{"spay_email":""},"product_cat":[16,32,36,52,54],"product_tag":[],"class_list":["post-6037","product","type-product","status-publish","has-post-thumbnail","hentry","product_cat-pokale","product_cat-themen-pokale","product_cat-fussball-pokale","product_cat-awards","product_cat-acryl-holz-alu-pokale"],"_links":{"self":[{"href":"https:\/\/pokale.shop\/ps\/wp-json\/wp\/v2\/product\/6037","targetHints":{"allow":["GET"]}}],"collection":[{"href":"https:\/\/pokale.shop\/ps\/wp-json\/wp\/v2\/product"}],"about":[{"href":"https:\/\/pokale.shop\/ps\/wp-json\/wp\/v2\/types\/product"}],"replies":[{"embeddable":true,"href":"https:\/\/pokale.shop\/ps\/wp-json\/wp\/v2\/comments?post=6037"}],"wp:featuredmedia":[{"embeddable":true,"href":"https:\/\/pokale.shop\/ps\/wp-json\/wp\/v2\/media\/6041"}],"wp:attachment":[{"href":"https:\/\/pokale.shop\/ps\/wp-json\/wp\/v2\/media?parent=6037"}],"wp:term":[{"taxonomy":"product_cat","embeddable":true,"href":"https:\/\/pokale.shop\/ps\/wp-json\/wp\/v2\/product_cat?post=6037"},{"taxonomy":"product_tag","embeddable":true,"href":"https:\/\/pokale.shop\/ps\/wp-json\/wp\/v2\/product_tag?post=6037"}],"curies":[{"name":"wp","href":"https:\/\/api.w.org\/{rel}","templated":true}]}}