{"id":9475,"date":"2021-07-03T09:41:02","date_gmt":"2021-07-03T09:41:02","guid":{"rendered":"https:\/\/pokale.shop\/ps\/?post_type=product&#038;p=9475"},"modified":"2024-01-03T14:04:40","modified_gmt":"2024-01-03T14:04:40","slug":"7er-pokalserie-pokale-golden-supreme-ab-305cm","status":"publish","type":"product","link":"https:\/\/pokale.shop\/ps\/product\/7er-pokalserie-pokale-golden-supreme-ab-305cm\/","title":{"rendered":"7er Pokalserie Pokale GOLDEN SUPREME ab 30,5cm"},"content":{"rendered":"<p>Mit unseren GOLDEN SUPREME Pokalen wird Ihre Siegerehrung zum absoluten Highlight ! Es sind Pokale f\u00fcr ganz besondere Auszeichnungen und Events zu einem Top Preis.<\/p>\n<p>Diese Pokale sind der Blickfang bei jeder Siegerehrung und der Garant f\u00fcr eine erfolgreiche Veranstaltung.<\/p>\n<p>Sie erhalten\u00a0<b>7 Pokale<\/b>\u00a0in folgenden Gr\u00f6\u00dfen:<br \/>\n1 x Pokal (H\u00f6he: 30,5 cm &#8211; Durchmesser: 8 cm)<br \/>\n1 x Pokal (H\u00f6he: 31,5 cm &#8211; Durchmesser: 8 cm )<br \/>\n1 x Pokal (H\u00f6he: 32 cm &#8211; Durchmesser: 8 cm)<br \/>\n1 x Pokal (H\u00f6he: 34 cm &#8211; Durchmesser: 10 cm )<br \/>\n1 x Pokal (H\u00f6he: 34,5 cm &#8211; Durchmesser: 10 cm)<br \/>\n1 x Pokal (H\u00f6he: 35,5 cm &#8211; Durchmesser: 10 cm)<br \/>\n1 x Pokal (H\u00f6he: 37 cm &#8211; Durchmesser: 12 cm)<\/p>\n<p>Selbstverst\u00e4ndlich ist im Preis bereits die Gravur und das Emblem je Pokal enthalten.<br \/>\nGeben Sie hierzu einfach Ihren gew\u00fcnschten Gravurtext f\u00fcr alle Pokale in das Textfeld ein.<\/p>\n<p><b>Bitte beachten Sie &#8211; f\u00fcr das Gravurschild stehen Ihnen 3 Zeilen zur Verf\u00fcgung &#8211; pro Zeile max. 30 Zeichen inkl. Leerzeichen.<\/b><\/p>\n<p align=\"center\">\n","protected":false},"excerpt":{"rendered":"<p>Mit unseren GOLDEN SUPREME Pokalen wird Ihre Siegerehrung zum absoluten Highlight ! Es sind Pokale f\u00fcr ganz besondere Auszeichnungen und Events zu einem Top Preis. Diese Pokale sind der Blickfang bei jeder Siegerehrung und der Garant f\u00fcr eine erfolgreiche Veranstaltung. Sie erhalten\u00a07 Pokale\u00a0in folgenden Gr\u00f6\u00dfen: 1 x Pokal (H\u00f6he: 30,5&hellip;<\/p>\n","protected":false},"featured_media":9476,"comment_status":"open","ping_status":"closed","template":"","meta":{"spay_email":""},"product_cat":[16,17,24],"product_tag":[],"class_list":["post-9475","product","type-product","status-publish","has-post-thumbnail","hentry","product_cat-pokale","product_cat-pokale-pokale","product_cat-7er-pokale-serie"],"_links":{"self":[{"href":"https:\/\/pokale.shop\/ps\/wp-json\/wp\/v2\/product\/9475","targetHints":{"allow":["GET"]}}],"collection":[{"href":"https:\/\/pokale.shop\/ps\/wp-json\/wp\/v2\/product"}],"about":[{"href":"https:\/\/pokale.shop\/ps\/wp-json\/wp\/v2\/types\/product"}],"replies":[{"embeddable":true,"href":"https:\/\/pokale.shop\/ps\/wp-json\/wp\/v2\/comments?post=9475"}],"wp:featuredmedia":[{"embeddable":true,"href":"https:\/\/pokale.shop\/ps\/wp-json\/wp\/v2\/media\/9476"}],"wp:attachment":[{"href":"https:\/\/pokale.shop\/ps\/wp-json\/wp\/v2\/media?parent=9475"}],"wp:term":[{"taxonomy":"product_cat","embeddable":true,"href":"https:\/\/pokale.shop\/ps\/wp-json\/wp\/v2\/product_cat?post=9475"},{"taxonomy":"product_tag","embeddable":true,"href":"https:\/\/pokale.shop\/ps\/wp-json\/wp\/v2\/product_tag?post=9475"}],"curies":[{"name":"wp","href":"https:\/\/api.w.org\/{rel}","templated":true}]}}